{"id":109069,"date":"2024-09-27T17:29:35","date_gmt":"2024-09-27T15:29:35","guid":{"rendered":"https:\/\/watchdeluxe.it\/prodotto\/iwc-pilots-chronograph-top-gun-edition-lake-tahoe-ref-iw389105\/"},"modified":"2026-04-10T16:34:15","modified_gmt":"2026-04-10T14:34:15","slug":"iwc-pilots-chronograph-top-gun-edition-lake-tahoe-ref-iw389105","status":"publish","type":"product","link":"https:\/\/watchdeluxe.it\/de\/prodotto\/iwc-pilots-chronograph-top-gun-edition-lake-tahoe-ref-iw389105\/","title":{"rendered":"Iwc Pilot&#8217;S Chronograph Top Gun Edition &#8216;Lake Tahoe&#8217; Ref. IW389105"},"content":{"rendered":"<p>Fall<\/p>\n<p>FormRund<br \/>\nGr\u00f6\u00dfe44,5 MM<br \/>\nGeh\u00e4usematerialStahl Keramik<br \/>\nGlastypSaphir<br \/>\nWasserdichtigkeit60 M<\/p>\n<p>Bewegung<\/p>\n<p>BewegungAutomatisch<\/p>\n<p>Funktionen<\/p>\n<p>KomplikationChronograph<br \/>\nDatumsanzeigeTag und Datum<\/p>\n<p>W\u00e4hlen Sie<\/p>\n<p>ZifferblattSchwarz<\/p>\n<p>Armb\u00e4nder<\/p>\n<p>ArmbandKautschuk<\/p>\n<p>Mehr Details<\/p>\n<p>LiniePilot&#8217;s<br \/>\nAusgabeSPEZIALAUSGABE &#8220;TOP GUN&#8221; LIMITIERT 1000 STK.<\/p>\n","protected":false},"excerpt":{"rendered":"<p>Fall FormRund Gr\u00f6\u00dfe44,5 MM Geh\u00e4usematerialStahl Keramik GlastypSaphir Wasserdichtigkeit60 M Bewegung BewegungAutomatisch Funktionen KomplikationChronograph DatumsanzeigeTag und Datum W\u00e4hlen Sie ZifferblattSchwarz Armb\u00e4nder ArmbandKautschuk Mehr Details LiniePilot&#8217;s AusgabeSPEZIALAUSGABE &#8220;TOP GUN&#8221; LIMITIERT 1000 STK.<\/p>\n","protected":false},"featured_media":109061,"template":"","meta":{"_crdt_document":"","advanced_seo_description":"","jetpack_seo_html_title":"","jetpack_seo_noindex":false,"jetpack_post_was_ever_published":false},"product_brand":[],"product_cat":[2234],"product_tag":[3958],"berocket_brand":[],"woo-feed-brand":[],"class_list":{"0":"post-109069","1":"product","2":"type-product","3":"status-publish","4":"has-post-thumbnail","6":"product_cat-iwc-de","7":"product_tag-pilots-de","9":"first","10":"instock","11":"sale","12":"taxable","13":"shipping-taxable","14":"purchasable","15":"product-type-simple"},"bundled_by":[],"bundle_stock_status":"instock","bundle_stock_quantity":1,"bundle_virtual":false,"bundle_layout":"","bundle_add_to_cart_form_location":"","bundle_editable_in_cart":false,"bundle_sold_individually_context":"","bundle_item_grouping":"","bundle_min_size":"","bundle_max_size":"","bundle_price":[],"bundled_items":[],"bundle_sell_ids":[],"group_of_quantity":0,"min_quantity":0,"max_quantity":"","exclude_order_quantity_value_rules":"no","exclude_category_quantity_rules":"no","combine_variations":"no","exclude_global_add_ons":[],"addons":[],"jetpack_sharing_enabled":true,"jetpack_likes_enabled":true,"_links":{"self":[{"href":"https:\/\/watchdeluxe.it\/de\/wp-json\/wp\/v2\/product\/109069","targetHints":{"allow":["GET"]}}],"collection":[{"href":"https:\/\/watchdeluxe.it\/de\/wp-json\/wp\/v2\/product"}],"about":[{"href":"https:\/\/watchdeluxe.it\/de\/wp-json\/wp\/v2\/types\/product"}],"wp:featuredmedia":[{"embeddable":true,"href":"https:\/\/watchdeluxe.it\/de\/wp-json\/wp\/v2\/media\/109061"}],"wp:attachment":[{"href":"https:\/\/watchdeluxe.it\/de\/wp-json\/wp\/v2\/media?parent=109069"}],"wp:term":[{"taxonomy":"product_brand","embeddable":true,"href":"https:\/\/watchdeluxe.it\/de\/wp-json\/wp\/v2\/product_brand?post=109069"},{"taxonomy":"product_cat","embeddable":true,"href":"https:\/\/watchdeluxe.it\/de\/wp-json\/wp\/v2\/product_cat?post=109069"},{"taxonomy":"product_tag","embeddable":true,"href":"https:\/\/watchdeluxe.it\/de\/wp-json\/wp\/v2\/product_tag?post=109069"},{"taxonomy":"berocket_brand","embeddable":true,"href":"https:\/\/watchdeluxe.it\/de\/wp-json\/wp\/v2\/berocket_brand?post=109069"},{"taxonomy":"woo-feed-brand","embeddable":true,"href":"https:\/\/watchdeluxe.it\/de\/wp-json\/wp\/v2\/woo-feed-brand?post=109069"}],"curies":[{"name":"wp","href":"https:\/\/api.w.org\/{rel}","templated":true}]}}