{"id":108938,"date":"2024-09-27T16:00:35","date_gmt":"2024-09-27T14:00:35","guid":{"rendered":"https:\/\/watchdeluxe.it\/prodotto\/iwc-pilots-mark-xx-gruen-ref-iw328205\/"},"modified":"2024-09-27T16:00:35","modified_gmt":"2024-09-27T14:00:35","slug":"iwc-pilots-mark-xx-gruen-ref-iw328205","status":"publish","type":"product","link":"https:\/\/watchdeluxe.it\/de\/prodotto\/iwc-pilots-mark-xx-gruen-ref-iw328205\/","title":{"rendered":"Iwc Pilot&#8217;s Mark XX gr\u00fcn ref.\nIW328205"},"content":{"rendered":"<p>Iwc Pilot&#8217;s Mark XX gr\u00fcn ref.<br \/>\nIW328205 Edelstahlgeh\u00e4use, Automatikaufzug, Durchmesser 40,0 mm, Gr\u00fcn mit Leuchtelementen, Braunes Kalbslederarmband mit EasX-CHANGE Wechselsystem, Armbandbreite 20,0 mm.<\/p>\n<ul class=\"iwc-product-information-details expanded\" role=\"list\" data-toggle-id=\"movement-section-details\">\n<li class=\"iwc-product-detail-item\" role=\"listitem\">32111 Spurweite<\/li>\n<li class=\"iwc-product-detail-item\" role=\"listitem\">Von IWC hergestelltes Uhrwerk<\/li>\n<li class=\"iwc-product-detail-item\" role=\"listitem\">Automatisches Laden<\/li>\n<li class=\"iwc-product-detail-item\" role=\"listitem\">120 Stunden Laufzeit<\/li>\n<li class=\"iwc-product-detail-item\" role=\"listitem\">Frequenz 28&#8217;800 VPH (4 Hz)<\/li>\n<li class=\"iwc-product-detail-item\" role=\"listitem\">163 Bestandteile<\/li>\n<li class=\"iwc-product-detail-item\" role=\"listitem\">21 Rubine<\/li>\n<li class=\"iwc-product-detail-item\" role=\"listitem\">Genfer Weinkeller<\/li>\n<\/ul>\n","protected":false},"excerpt":{"rendered":"<p>Iwc Pilot&#8217;s Mark XX gr\u00fcn ref. IW328205 Edelstahlgeh\u00e4use, Automatikaufzug, Durchmesser 40,0 mm, Gr\u00fcn mit Leuchtelementen, Braunes Kalbslederarmband mit EasX-CHANGE Wechselsystem, Armbandbreite 20,0 mm. 32111 Spurweite Von IWC hergestelltes Uhrwerk Automatisches Laden 120 Stunden Laufzeit Frequenz 28&#8217;800 VPH (4 Hz) 163 Bestandteile 21 Rubine Genfer Weinkeller<\/p>\n","protected":false},"featured_media":108934,"template":"","meta":{"_crdt_document":"","advanced_seo_description":"","jetpack_seo_html_title":"","jetpack_seo_noindex":false,"jetpack_post_was_ever_published":false},"product_brand":[],"product_cat":[2234],"product_tag":[3958],"berocket_brand":[],"woo-feed-brand":[],"class_list":{"0":"post-108938","1":"product","2":"type-product","3":"status-publish","4":"has-post-thumbnail","6":"product_cat-iwc-de","7":"product_tag-pilots-de","9":"first","10":"instock","11":"sale","12":"taxable","13":"shipping-taxable","14":"purchasable","15":"product-type-simple"},"bundled_by":[],"bundle_stock_status":"instock","bundle_stock_quantity":null,"bundle_virtual":false,"bundle_layout":"","bundle_add_to_cart_form_location":"","bundle_editable_in_cart":false,"bundle_sold_individually_context":"","bundle_item_grouping":"","bundle_min_size":"","bundle_max_size":"","bundle_price":[],"bundled_items":[],"bundle_sell_ids":[],"group_of_quantity":0,"min_quantity":0,"max_quantity":"","exclude_order_quantity_value_rules":"no","exclude_category_quantity_rules":"no","combine_variations":"no","exclude_global_add_ons":[],"addons":[],"jetpack_sharing_enabled":true,"jetpack_likes_enabled":true,"_links":{"self":[{"href":"https:\/\/watchdeluxe.it\/de\/wp-json\/wp\/v2\/product\/108938","targetHints":{"allow":["GET"]}}],"collection":[{"href":"https:\/\/watchdeluxe.it\/de\/wp-json\/wp\/v2\/product"}],"about":[{"href":"https:\/\/watchdeluxe.it\/de\/wp-json\/wp\/v2\/types\/product"}],"wp:featuredmedia":[{"embeddable":true,"href":"https:\/\/watchdeluxe.it\/de\/wp-json\/wp\/v2\/media\/108934"}],"wp:attachment":[{"href":"https:\/\/watchdeluxe.it\/de\/wp-json\/wp\/v2\/media?parent=108938"}],"wp:term":[{"taxonomy":"product_brand","embeddable":true,"href":"https:\/\/watchdeluxe.it\/de\/wp-json\/wp\/v2\/product_brand?post=108938"},{"taxonomy":"product_cat","embeddable":true,"href":"https:\/\/watchdeluxe.it\/de\/wp-json\/wp\/v2\/product_cat?post=108938"},{"taxonomy":"product_tag","embeddable":true,"href":"https:\/\/watchdeluxe.it\/de\/wp-json\/wp\/v2\/product_tag?post=108938"},{"taxonomy":"berocket_brand","embeddable":true,"href":"https:\/\/watchdeluxe.it\/de\/wp-json\/wp\/v2\/berocket_brand?post=108938"},{"taxonomy":"woo-feed-brand","embeddable":true,"href":"https:\/\/watchdeluxe.it\/de\/wp-json\/wp\/v2\/woo-feed-brand?post=108938"}],"curies":[{"name":"wp","href":"https:\/\/api.w.org\/{rel}","templated":true}]}}