{"id":108527,"date":"2024-09-20T17:25:56","date_gmt":"2024-09-20T15:25:56","guid":{"rendered":"https:\/\/watchdeluxe.it\/prodotto\/iwc-pilots-chronograph-gruen-ref-iw388104\/"},"modified":"2024-09-20T17:25:56","modified_gmt":"2024-09-20T15:25:56","slug":"iwc-pilots-chronograph-gruen-ref-iw388104","status":"publish","type":"product","link":"https:\/\/watchdeluxe.it\/de\/prodotto\/iwc-pilots-chronograph-gruen-ref-iw388104\/","title":{"rendered":"Iwc Pilot&#8217;s Chronograph gr\u00fcn ref.\nIW388104"},"content":{"rendered":"<p>Iwc Pilot&#8217;s Chronograph Gr\u00fcn Ref.<br \/>\nIW388104 Edelstahlgeh\u00e4use, Automatikaufzug, Durchmesser 41,0 mm, Gr\u00fcn mit Leuchtelementen, Edelstahlarmband mit EasX-CHANGE Wechselsystem, Armbandbreite 20,0 mm.<\/p>\n<div class=\"iwc-section-detail\">\n<ul class=\"iwc-product-information-details expanded\" role=\"list\" data-toggle-id=\"case-section-details\">\n<li class=\"iwc-product-detail-item\" role=\"listitem\">Stahlgeh\u00e4use<\/li>\n<li class=\"iwc-product-detail-item\" role=\"listitem\">Durchmesser 41,0 <span class=\"iwc-unit-small\"> mm <\/span> <\/li>\n<li class=\"iwc-product-detail-item\" role=\"listitem\">Dicke 14,5 <span class=\"iwc-unit-small\"> mm <\/span> <\/li>\n<li class=\"iwc-product-detail-item\" role=\"listitem\">Verschraubte Krone<\/li>\n<li class=\"iwc-product-detail-item\" role=\"listitem\">R\u00fcckseite aus transparentem Saphirglas<\/li>\n<li class=\"iwc-product-detail-item\">Wasserdichtigkeit 10,0 bar\n<ul class=\"iwc-product-information-details expanded\" role=\"list\" data-toggle-id=\"movement-section-details\">\n<li class=\"iwc-product-detail-item\" role=\"listitem\">69385 Kaliber<\/li>\n<li class=\"iwc-product-detail-item\" role=\"listitem\">Von IWC hergestelltes Uhrwerk<\/li>\n<li class=\"iwc-product-detail-item\" role=\"listitem\">Automatisches Laden<\/li>\n<li class=\"iwc-product-detail-item\" role=\"listitem\">46 Stunden Laufzeit<\/li>\n<li class=\"iwc-product-detail-item\" role=\"listitem\">Frequenz 28&#8217;800 VPH (4 Hz)<\/li>\n<li class=\"iwc-product-detail-item\" role=\"listitem\">242 Bestandteile<\/li>\n<li class=\"iwc-product-detail-item\" role=\"listitem\">33 Rubine<\/li>\n<li class=\"iwc-product-detail-item\" role=\"listitem\">Genfer Weinkeller<\/li>\n<\/ul>\n<\/li>\n<\/ul>\n<\/div>\n","protected":false},"excerpt":{"rendered":"<p>Iwc Pilot&#8217;s Chronograph Gr\u00fcn Ref. IW388104 Edelstahlgeh\u00e4use, Automatikaufzug, Durchmesser 41,0 mm, Gr\u00fcn mit Leuchtelementen, Edelstahlarmband mit EasX-CHANGE Wechselsystem, Armbandbreite 20,0 mm. Stahlgeh\u00e4use Durchmesser 41,0 mm Dicke 14,5 mm Verschraubte Krone R\u00fcckseite aus transparentem Saphirglas Wasserdichtigkeit 10,0 bar 69385 Kaliber Von IWC hergestelltes Uhrwerk Automatisches Laden 46 Stunden Laufzeit Frequenz 28&#8217;800 VPH (4 Hz) 242 Bestandteile [&hellip;]<\/p>\n","protected":false},"featured_media":108525,"template":"","meta":{"_crdt_document":"","advanced_seo_description":"","jetpack_seo_html_title":"","jetpack_seo_noindex":false,"jetpack_post_was_ever_published":false},"product_brand":[2150],"product_cat":[2234],"product_tag":[3958],"berocket_brand":[],"woo-feed-brand":[],"class_list":{"0":"post-108527","1":"product","2":"type-product","3":"status-publish","4":"has-post-thumbnail","6":"product_brand-iwc","7":"product_cat-iwc-de","8":"product_tag-pilots-de","10":"first","11":"instock","12":"sale","13":"taxable","14":"shipping-taxable","15":"purchasable","16":"product-type-simple"},"bundled_by":[],"bundle_stock_status":"instock","bundle_stock_quantity":1,"bundle_virtual":false,"bundle_layout":"","bundle_add_to_cart_form_location":"","bundle_editable_in_cart":false,"bundle_sold_individually_context":"","bundle_item_grouping":"","bundle_min_size":"","bundle_max_size":"","bundle_price":[],"bundled_items":[],"bundle_sell_ids":[],"group_of_quantity":0,"min_quantity":0,"max_quantity":"","exclude_order_quantity_value_rules":"no","exclude_category_quantity_rules":"no","combine_variations":"no","exclude_global_add_ons":[],"addons":[],"jetpack_sharing_enabled":true,"jetpack_likes_enabled":true,"_links":{"self":[{"href":"https:\/\/watchdeluxe.it\/de\/wp-json\/wp\/v2\/product\/108527","targetHints":{"allow":["GET"]}}],"collection":[{"href":"https:\/\/watchdeluxe.it\/de\/wp-json\/wp\/v2\/product"}],"about":[{"href":"https:\/\/watchdeluxe.it\/de\/wp-json\/wp\/v2\/types\/product"}],"wp:featuredmedia":[{"embeddable":true,"href":"https:\/\/watchdeluxe.it\/de\/wp-json\/wp\/v2\/media\/108525"}],"wp:attachment":[{"href":"https:\/\/watchdeluxe.it\/de\/wp-json\/wp\/v2\/media?parent=108527"}],"wp:term":[{"taxonomy":"product_brand","embeddable":true,"href":"https:\/\/watchdeluxe.it\/de\/wp-json\/wp\/v2\/product_brand?post=108527"},{"taxonomy":"product_cat","embeddable":true,"href":"https:\/\/watchdeluxe.it\/de\/wp-json\/wp\/v2\/product_cat?post=108527"},{"taxonomy":"product_tag","embeddable":true,"href":"https:\/\/watchdeluxe.it\/de\/wp-json\/wp\/v2\/product_tag?post=108527"},{"taxonomy":"berocket_brand","embeddable":true,"href":"https:\/\/watchdeluxe.it\/de\/wp-json\/wp\/v2\/berocket_brand?post=108527"},{"taxonomy":"woo-feed-brand","embeddable":true,"href":"https:\/\/watchdeluxe.it\/de\/wp-json\/wp\/v2\/woo-feed-brand?post=108527"}],"curies":[{"name":"wp","href":"https:\/\/api.w.org\/{rel}","templated":true}]}}