{"id":108459,"date":"2024-09-20T16:16:35","date_gmt":"2024-09-20T14:16:35","guid":{"rendered":"https:\/\/watchdeluxe.it\/prodotto\/grand-seiko-heritage-ref-sbgx261g\/"},"modified":"2026-04-13T12:00:32","modified_gmt":"2026-04-13T10:00:32","slug":"grand-seiko-heritage-ref-sbgx261g","status":"publish","type":"product","link":"https:\/\/watchdeluxe.it\/de\/prodotto\/grand-seiko-heritage-ref-sbgx261g\/","title":{"rendered":"Grand Seiko Heritage ref. SBGX263G"},"content":{"rendered":"<p>Grand Seiko Heritage ref. SBGX263G<\/p>\n<div class=\"_item\">\n<div class=\"_header\">\u00c4u\u00dferes<\/div>\n<div class=\"_body\">\n<table class=\"_table\">\n<tbody>\n<tr>\n<th>\u00c4u\u00dferes:<\/th>\n<td>Rostfreier Stahl<\/td>\n<\/tr>\n<tr>\n<th>Geh\u00e4useboden:<\/th>\n<td>Verschraubter Geh\u00e4useboden<\/td>\n<\/tr>\n<tr>\n<th>Material Glas:<\/th>\n<td>Saphirglas<\/td>\n<\/tr>\n<tr>\n<th>Glasbeschichtung:<\/th>\n<td>Antireflexionsbeschichtung auf der Innenseite<\/td>\n<\/tr>\n<tr>\n<th>Geh\u00e4usegr\u00f6\u00dfe:<\/th>\n<td>Durchmesser 37.0mm Lug-to-lug 44.6mm Dicke 10.0mm<\/td>\n<\/tr>\n<tr>\n<th>Breite des Armbands:<\/th>\n<td>19mm<\/td>\n<\/tr>\n<tr>\n<th>Verschlusstyp:<\/th>\n<td>Dreifach-Faltschlo\u00df mit Druckknopfentriegelung<\/td>\n<\/tr>\n<tr>\n<th>L\u00e4nge des Armbands:<\/th>\n<td>205mm<\/td>\n<\/tr>\n<\/tbody>\n<\/table>\n<\/div>\n<\/div>\n<div class=\"_item\">\n<div class=\"_header\">Bewegung<\/div>\n<div class=\"_body\">\n<table class=\"_table\">\n<tbody>\n<tr>\n<th>Kalibercode:<\/th>\n<td>9F62 Anleitung<\/td>\n<\/tr>\n<tr>\n<th>Art des Uhrwerks:<\/th>\n<td>Quarz<\/td>\n<\/tr>\n<tr>\n<th>Genauigkeit:<\/th>\n<td>\u00b110 Sekunden pro Jahr<\/td>\n<\/tr>\n<\/tbody>\n<\/table>\n<\/div>\n<\/div>\n<div class=\"_item\">\n<div class=\"_header\">Funktionen<\/div>\n<div class=\"_body\">\n<table class=\"_table\">\n<tbody>\n<tr>\n<th>Wasserdicht:<\/th>\n<td>10 bar<\/td>\n<\/tr>\n<tr>\n<th>Magnetischer Widerstand:<\/th>\n<td>4.800 A\/m<\/td>\n<\/tr>\n<tr>\n<th>Gewicht:<\/th>\n<td>134 g<\/td>\n<\/tr>\n<\/tbody>\n<\/table>\n<\/div>\n<\/div>\n","protected":false},"excerpt":{"rendered":"<p>Grand Seiko Heritage ref. SBGX263G \u00c4u\u00dferes \u00c4u\u00dferes: Rostfreier Stahl Geh\u00e4useboden: Verschraubter Geh\u00e4useboden Material Glas: Saphirglas Glasbeschichtung: Antireflexionsbeschichtung auf der Innenseite Geh\u00e4usegr\u00f6\u00dfe: Durchmesser 37.0mm Lug-to-lug 44.6mm Dicke 10.0mm Breite des Armbands: 19mm Verschlusstyp: Dreifach-Faltschlo\u00df mit Druckknopfentriegelung L\u00e4nge des Armbands: 205mm Bewegung Kalibercode: 9F62 Anleitung Art des Uhrwerks: Quarz Genauigkeit: \u00b110 Sekunden pro Jahr Funktionen Wasserdicht: 10 [&hellip;]<\/p>\n","protected":false},"featured_media":108456,"template":"","meta":{"_crdt_document":"","advanced_seo_description":"","jetpack_seo_html_title":"","jetpack_seo_noindex":false},"product_brand":[2148],"product_cat":[3907],"product_tag":[2456],"berocket_brand":[],"woo-feed-brand":[],"class_list":{"0":"post-108459","1":"product","2":"type-product","3":"status-publish","4":"has-post-thumbnail","6":"product_brand-grand-seiko","7":"product_cat-grand-seiko-de","8":"product_tag-erbe","10":"first","11":"outofstock","12":"sale","13":"taxable","14":"shipping-taxable","15":"purchasable","16":"product-type-simple"},"bundled_by":[],"bundle_stock_status":"outofstock","bundle_stock_quantity":0,"bundle_virtual":false,"bundle_layout":"","bundle_add_to_cart_form_location":"","bundle_editable_in_cart":false,"bundle_sold_individually_context":"","bundle_item_grouping":"","bundle_min_size":"","bundle_max_size":"","bundle_price":[],"bundled_items":[],"bundle_sell_ids":[],"group_of_quantity":0,"min_quantity":0,"max_quantity":"","exclude_order_quantity_value_rules":"no","exclude_category_quantity_rules":"no","combine_variations":"no","jetpack_sharing_enabled":true,"jetpack_likes_enabled":true,"_links":{"self":[{"href":"https:\/\/watchdeluxe.it\/de\/wp-json\/wp\/v2\/product\/108459","targetHints":{"allow":["GET"]}}],"collection":[{"href":"https:\/\/watchdeluxe.it\/de\/wp-json\/wp\/v2\/product"}],"about":[{"href":"https:\/\/watchdeluxe.it\/de\/wp-json\/wp\/v2\/types\/product"}],"wp:featuredmedia":[{"embeddable":true,"href":"https:\/\/watchdeluxe.it\/de\/wp-json\/wp\/v2\/media\/108456"}],"wp:attachment":[{"href":"https:\/\/watchdeluxe.it\/de\/wp-json\/wp\/v2\/media?parent=108459"}],"wp:term":[{"taxonomy":"product_brand","embeddable":true,"href":"https:\/\/watchdeluxe.it\/de\/wp-json\/wp\/v2\/product_brand?post=108459"},{"taxonomy":"product_cat","embeddable":true,"href":"https:\/\/watchdeluxe.it\/de\/wp-json\/wp\/v2\/product_cat?post=108459"},{"taxonomy":"product_tag","embeddable":true,"href":"https:\/\/watchdeluxe.it\/de\/wp-json\/wp\/v2\/product_tag?post=108459"},{"taxonomy":"berocket_brand","embeddable":true,"href":"https:\/\/watchdeluxe.it\/de\/wp-json\/wp\/v2\/berocket_brand?post=108459"},{"taxonomy":"woo-feed-brand","embeddable":true,"href":"https:\/\/watchdeluxe.it\/de\/wp-json\/wp\/v2\/woo-feed-brand?post=108459"}],"curies":[{"name":"wp","href":"https:\/\/api.w.org\/{rel}","templated":true}]}}