{"id":108255,"date":"2024-09-19T16:11:52","date_gmt":"2024-09-19T14:11:52","guid":{"rendered":"https:\/\/watchdeluxe.it\/prodotto\/tag-heuer-aquaracer-professional-300-gmt-gruen-ref-wbp5115-ba0013\/"},"modified":"2026-04-10T16:47:13","modified_gmt":"2026-04-10T14:47:13","slug":"tag-heuer-aquaracer-professional-300-gmt-gruen-ref-wbp5115-ba0013","status":"publish","type":"product","link":"https:\/\/watchdeluxe.it\/de\/prodotto\/tag-heuer-aquaracer-professional-300-gmt-gruen-ref-wbp5115-ba0013\/","title":{"rendered":"Tag heuer aquaracer professional 300 gmt gr\u00fcn ref. WBP5115.BA0013"},"content":{"rendered":"<p>Tag Heuer Aquaracer professional 300 GMT gr\u00fcn ref. WBP5115.BA0013<\/p>\n<div class=\"col-12 col-lg-6\">\n<div class=\"col-12 col-lg-6\">\n<p><strong>Zifferblatt<\/strong>: GR\u00dcN mit Super-LumiNova-Indizes<\/p>\n<p>&#8211; <strong>Uhrwerk<\/strong>: AUTOMATIK TH31-03 COSC<\/p>\n<p>&#8211; <strong>Geh\u00e4use<\/strong>: STAHL<\/p>\n<p>&#8211; <strong>Durchmesser<\/strong>: 42 mm<\/p>\n<p>&#8211; <strong>Glas<\/strong>: SAPHIRGLAS<\/p>\n<p>&#8211; <strong>Armband<\/strong>: STAHL mit Faltschlie\u00dfe mit Dr\u00fcckern<\/p>\n<p>&#8211; <strong>Wasserdichtigkeit<\/strong>: 30 atm &#8211; 300 m<\/p>\n<\/div>\n<\/div>\n<div class=\"col-12 col-lg-6\">\n<div class=\"col-12 col-lg-6\">\n<div class=\"col-12 col-lg-6\">\n<div class=\"col-12 col-lg-6\">&#8211; Stahl verschraubte Krone<\/div>\n<div class=\"col-12 col-lg-6\"><\/div>\n<div class=\"col-12 col-lg-6\">&#8211; Drehbare L\u00fcnette aus Keramik<\/div>\n<\/div>\n<\/div>\n<\/div>\n","protected":false},"excerpt":{"rendered":"<p>Tag Heuer Aquaracer professional 300 GMT gr\u00fcn ref. WBP5115.BA0013 Zifferblatt: GR\u00dcN mit Super-LumiNova-Indizes &#8211; Uhrwerk: AUTOMATIK TH31-03 COSC &#8211; Geh\u00e4use: STAHL &#8211; Durchmesser: 42 mm &#8211; Glas: SAPHIRGLAS &#8211; Armband: STAHL mit Faltschlie\u00dfe mit Dr\u00fcckern &#8211; Wasserdichtigkeit: 30 atm &#8211; 300 m &#8211; Stahl verschraubte Krone &#8211; Drehbare L\u00fcnette aus Keramik<\/p>\n","protected":false},"featured_media":108248,"template":"","meta":{"_crdt_document":"","advanced_seo_description":"","jetpack_seo_html_title":"","jetpack_seo_noindex":false},"product_brand":[],"product_cat":[2255],"product_tag":[3969],"berocket_brand":[],"woo-feed-brand":[],"class_list":{"0":"post-108255","1":"product","2":"type-product","3":"status-publish","4":"has-post-thumbnail","6":"product_cat-tag-heuer-de","7":"product_tag-aquaracer-de","9":"first","10":"instock","11":"sale","12":"taxable","13":"shipping-taxable","14":"purchasable","15":"product-type-simple"},"bundled_by":[],"bundle_stock_status":"instock","bundle_stock_quantity":1,"bundle_virtual":false,"bundle_layout":"","bundle_add_to_cart_form_location":"","bundle_editable_in_cart":false,"bundle_sold_individually_context":"","bundle_item_grouping":"","bundle_min_size":"","bundle_max_size":"","bundle_price":[],"bundled_items":[],"bundle_sell_ids":[],"group_of_quantity":0,"min_quantity":0,"max_quantity":"","exclude_order_quantity_value_rules":"no","exclude_category_quantity_rules":"no","combine_variations":"no","jetpack_sharing_enabled":true,"jetpack_likes_enabled":true,"_links":{"self":[{"href":"https:\/\/watchdeluxe.it\/de\/wp-json\/wp\/v2\/product\/108255","targetHints":{"allow":["GET"]}}],"collection":[{"href":"https:\/\/watchdeluxe.it\/de\/wp-json\/wp\/v2\/product"}],"about":[{"href":"https:\/\/watchdeluxe.it\/de\/wp-json\/wp\/v2\/types\/product"}],"wp:featuredmedia":[{"embeddable":true,"href":"https:\/\/watchdeluxe.it\/de\/wp-json\/wp\/v2\/media\/108248"}],"wp:attachment":[{"href":"https:\/\/watchdeluxe.it\/de\/wp-json\/wp\/v2\/media?parent=108255"}],"wp:term":[{"taxonomy":"product_brand","embeddable":true,"href":"https:\/\/watchdeluxe.it\/de\/wp-json\/wp\/v2\/product_brand?post=108255"},{"taxonomy":"product_cat","embeddable":true,"href":"https:\/\/watchdeluxe.it\/de\/wp-json\/wp\/v2\/product_cat?post=108255"},{"taxonomy":"product_tag","embeddable":true,"href":"https:\/\/watchdeluxe.it\/de\/wp-json\/wp\/v2\/product_tag?post=108255"},{"taxonomy":"berocket_brand","embeddable":true,"href":"https:\/\/watchdeluxe.it\/de\/wp-json\/wp\/v2\/berocket_brand?post=108255"},{"taxonomy":"woo-feed-brand","embeddable":true,"href":"https:\/\/watchdeluxe.it\/de\/wp-json\/wp\/v2\/woo-feed-brand?post=108255"}],"curies":[{"name":"wp","href":"https:\/\/api.w.org\/{rel}","templated":true}]}}