{"id":108051,"date":"2024-09-17T15:32:53","date_gmt":"2024-09-17T13:32:53","guid":{"rendered":"https:\/\/watchdeluxe.it\/prodotto\/baume-mercier-hampton-blau-ref-m0a10754\/"},"modified":"2026-04-13T11:54:59","modified_gmt":"2026-04-13T09:54:59","slug":"baume-mercier-hampton-blau-ref-m0a10754","status":"publish","type":"product","link":"https:\/\/watchdeluxe.it\/de\/prodotto\/baume-mercier-hampton-blau-ref-m0a10754\/","title":{"rendered":"Baume &amp; Mercier Hampton blau Ref. M0A10754"},"content":{"rendered":"<p>Baume &amp; Mercier Hampton blau Ref. M0A10754<\/p>\n<p>Form der Form<br \/>\nGr\u00f6\u00dfe43 x 27 mm<br \/>\nGeh\u00e4usematerialStahl<br \/>\nWasserdichtigkeit50 m<\/p>\n<p>Bewegung<\/p>\n<p>Quarzwerk<\/p>\n<p>Funktionen<\/p>\n<p>Komplikation Nur Zeit<\/p>\n<p>W\u00e4hlen Sie<\/p>\n<p>Zifferblatt OPALINBLAU<\/p>\n<p>Armb\u00e4nder<\/p>\n","protected":false},"excerpt":{"rendered":"<p>Baume &amp; Mercier Hampton blau Ref. M0A10754 Form der Form Gr\u00f6\u00dfe43 x 27 mm Geh\u00e4usematerialStahl Wasserdichtigkeit50 m Bewegung Quarzwerk Funktionen Komplikation Nur Zeit W\u00e4hlen Sie Zifferblatt OPALINBLAU Armb\u00e4nder<\/p>\n","protected":false},"featured_media":108044,"template":"","meta":{"_crdt_document":"","advanced_seo_description":"","jetpack_seo_html_title":"","jetpack_seo_noindex":false},"product_brand":[2141],"product_cat":[2610],"product_tag":[2630],"berocket_brand":[],"woo-feed-brand":[],"class_list":{"0":"post-108051","1":"product","2":"type-product","3":"status-publish","4":"has-post-thumbnail","6":"product_brand-baume-mercier","7":"product_cat-baume-mercier-de","8":"product_tag-hampton-en","10":"first","11":"instock","12":"sale","13":"taxable","14":"shipping-taxable","15":"purchasable","16":"product-type-simple"},"bundled_by":[],"bundle_stock_status":"instock","bundle_stock_quantity":1,"bundle_virtual":false,"bundle_layout":"","bundle_add_to_cart_form_location":"","bundle_editable_in_cart":false,"bundle_sold_individually_context":"","bundle_item_grouping":"","bundle_min_size":"","bundle_max_size":"","bundle_price":[],"bundled_items":[],"bundle_sell_ids":[],"group_of_quantity":0,"min_quantity":0,"max_quantity":"","exclude_order_quantity_value_rules":"no","exclude_category_quantity_rules":"no","combine_variations":"no","jetpack_sharing_enabled":true,"jetpack_likes_enabled":true,"_links":{"self":[{"href":"https:\/\/watchdeluxe.it\/de\/wp-json\/wp\/v2\/product\/108051","targetHints":{"allow":["GET"]}}],"collection":[{"href":"https:\/\/watchdeluxe.it\/de\/wp-json\/wp\/v2\/product"}],"about":[{"href":"https:\/\/watchdeluxe.it\/de\/wp-json\/wp\/v2\/types\/product"}],"wp:featuredmedia":[{"embeddable":true,"href":"https:\/\/watchdeluxe.it\/de\/wp-json\/wp\/v2\/media\/108044"}],"wp:attachment":[{"href":"https:\/\/watchdeluxe.it\/de\/wp-json\/wp\/v2\/media?parent=108051"}],"wp:term":[{"taxonomy":"product_brand","embeddable":true,"href":"https:\/\/watchdeluxe.it\/de\/wp-json\/wp\/v2\/product_brand?post=108051"},{"taxonomy":"product_cat","embeddable":true,"href":"https:\/\/watchdeluxe.it\/de\/wp-json\/wp\/v2\/product_cat?post=108051"},{"taxonomy":"product_tag","embeddable":true,"href":"https:\/\/watchdeluxe.it\/de\/wp-json\/wp\/v2\/product_tag?post=108051"},{"taxonomy":"berocket_brand","embeddable":true,"href":"https:\/\/watchdeluxe.it\/de\/wp-json\/wp\/v2\/berocket_brand?post=108051"},{"taxonomy":"woo-feed-brand","embeddable":true,"href":"https:\/\/watchdeluxe.it\/de\/wp-json\/wp\/v2\/woo-feed-brand?post=108051"}],"curies":[{"name":"wp","href":"https:\/\/api.w.org\/{rel}","templated":true}]}}