{"id":107984,"date":"2024-09-17T10:16:44","date_gmt":"2024-09-17T08:16:44","guid":{"rendered":"https:\/\/watchdeluxe.it\/prodotto\/montblanc-extreme-3-0-kartenetui-ref-198845\/"},"modified":"2024-09-17T10:16:44","modified_gmt":"2024-09-17T08:16:44","slug":"montblanc-extreme-3-0-kartenetui-ref-198845","status":"publish","type":"product","link":"https:\/\/watchdeluxe.it\/de\/prodotto\/montblanc-extreme-3-0-kartenetui-ref-198845\/","title":{"rendered":"Montblanc extreme 3.0 Kartenetui ref. 198845"},"content":{"rendered":"<p>Montblanc extreme 3.0 Kartenetui ref. 198845 Das Extreme 3.0 Kartenetui verf\u00fcgt \u00fcber 6 Kreditkartenf\u00e4cher und ein zus\u00e4tzliches offenes Fach.<br \/>\nDas gepr\u00e4gte lavendelgraue, vollnarbige Rindsleder ist mit dem charakteristischen Extreme 3.0-Muster versehen.<\/p>\n","protected":false},"excerpt":{"rendered":"<p>Montblanc extreme 3.0 Kartenetui ref. 198845 Das Extreme 3.0 Kartenetui verf\u00fcgt \u00fcber 6 Kreditkartenf\u00e4cher und ein zus\u00e4tzliches offenes Fach. Das gepr\u00e4gte lavendelgraue, vollnarbige Rindsleder ist mit dem charakteristischen Extreme 3.0-Muster versehen.<\/p>\n","protected":false},"featured_media":107981,"template":"","meta":{"_crdt_document":"","advanced_seo_description":"","jetpack_seo_html_title":"","jetpack_seo_noindex":false},"product_brand":[1907],"product_cat":[1929],"product_tag":[3150],"berocket_brand":[],"woo-feed-brand":[],"class_list":{"0":"post-107984","1":"product","2":"type-product","3":"status-publish","4":"has-post-thumbnail","6":"product_brand-montblanc","7":"product_cat-montblanc","8":"product_tag-karteninhaber","10":"first","11":"instock","12":"sale","13":"taxable","14":"shipping-taxable","15":"purchasable","16":"product-type-simple"},"bundled_by":[],"bundle_stock_status":"instock","bundle_stock_quantity":1,"bundle_virtual":false,"bundle_layout":"","bundle_add_to_cart_form_location":"","bundle_editable_in_cart":false,"bundle_sold_individually_context":"","bundle_item_grouping":"","bundle_min_size":"","bundle_max_size":"","bundle_price":[],"bundled_items":[],"bundle_sell_ids":[],"group_of_quantity":0,"min_quantity":0,"max_quantity":"","exclude_order_quantity_value_rules":"no","exclude_category_quantity_rules":"no","combine_variations":"no","jetpack_sharing_enabled":true,"jetpack_likes_enabled":true,"_links":{"self":[{"href":"https:\/\/watchdeluxe.it\/de\/wp-json\/wp\/v2\/product\/107984","targetHints":{"allow":["GET"]}}],"collection":[{"href":"https:\/\/watchdeluxe.it\/de\/wp-json\/wp\/v2\/product"}],"about":[{"href":"https:\/\/watchdeluxe.it\/de\/wp-json\/wp\/v2\/types\/product"}],"wp:featuredmedia":[{"embeddable":true,"href":"https:\/\/watchdeluxe.it\/de\/wp-json\/wp\/v2\/media\/107981"}],"wp:attachment":[{"href":"https:\/\/watchdeluxe.it\/de\/wp-json\/wp\/v2\/media?parent=107984"}],"wp:term":[{"taxonomy":"product_brand","embeddable":true,"href":"https:\/\/watchdeluxe.it\/de\/wp-json\/wp\/v2\/product_brand?post=107984"},{"taxonomy":"product_cat","embeddable":true,"href":"https:\/\/watchdeluxe.it\/de\/wp-json\/wp\/v2\/product_cat?post=107984"},{"taxonomy":"product_tag","embeddable":true,"href":"https:\/\/watchdeluxe.it\/de\/wp-json\/wp\/v2\/product_tag?post=107984"},{"taxonomy":"berocket_brand","embeddable":true,"href":"https:\/\/watchdeluxe.it\/de\/wp-json\/wp\/v2\/berocket_brand?post=107984"},{"taxonomy":"woo-feed-brand","embeddable":true,"href":"https:\/\/watchdeluxe.it\/de\/wp-json\/wp\/v2\/woo-feed-brand?post=107984"}],"curies":[{"name":"wp","href":"https:\/\/api.w.org\/{rel}","templated":true}]}}