{"id":107960,"date":"2024-09-17T10:10:51","date_gmt":"2024-09-17T08:10:51","guid":{"rendered":"https:\/\/watchdeluxe.it\/prodotto\/montblanc-stiftetui-fuer-2-instrumente-ref-198815\/"},"modified":"2026-01-16T16:56:08","modified_gmt":"2026-01-16T15:56:08","slug":"montblanc-stiftetui-fuer-2-instrumente-ref-198815","status":"publish","type":"product","link":"https:\/\/watchdeluxe.it\/de\/prodotto\/montblanc-stiftetui-fuer-2-instrumente-ref-198815\/","title":{"rendered":"Montblanc Stiftetui f\u00fcr 2 Instrumente Ref.\n198815"},"content":{"rendered":"<p>Montblanc Schreibger\u00e4teetui f\u00fcr 2 Ger\u00e4te Ref.<br \/>\n198815 Das<b>Meisterst\u00fcck 2 Schreibger\u00e4teetui<\/b> ist ein zuverl\u00e4ssiger Begleiter f\u00fcr die feinsten Schreibger\u00e4te.<br \/>\nEs ist aus feinem, rostfarbenem, vollnarbigem Leder gefertigt und bietet bequem Platz f\u00fcr zwei Schreibger\u00e4te wie den Meisterst\u00fcck Classique oder den Le Grand.<br \/>\nMit seinen Abmessungen von 4,5 x 16 x 3 cm passt dieses elegante Accessoire in jede Hosen- oder Jackentasche und sorgt daf\u00fcr, dass Ihre Schreibger\u00e4te elegant aufbewahrt werden.<\/p>\n","protected":false},"excerpt":{"rendered":"<p>Montblanc Schreibger\u00e4teetui f\u00fcr 2 Ger\u00e4te Ref. 198815 DasMeisterst\u00fcck 2 Schreibger\u00e4teetui ist ein zuverl\u00e4ssiger Begleiter f\u00fcr die feinsten Schreibger\u00e4te. Es ist aus feinem, rostfarbenem, vollnarbigem Leder gefertigt und bietet bequem Platz f\u00fcr zwei Schreibger\u00e4te wie den Meisterst\u00fcck Classique oder den Le Grand. Mit seinen Abmessungen von 4,5 x 16 x 3 cm passt dieses elegante Accessoire [&hellip;]<\/p>\n","protected":false},"featured_media":107956,"template":"","meta":{"_crdt_document":"","advanced_seo_description":"","jetpack_seo_html_title":"","jetpack_seo_noindex":false,"jetpack_post_was_ever_published":false},"product_brand":[1907],"product_cat":[2250],"product_tag":[2963],"berocket_brand":[],"woo-feed-brand":[],"class_list":{"0":"post-107960","1":"product","2":"type-product","3":"status-publish","4":"has-post-thumbnail","6":"product_brand-montblanc","7":"product_cat-montblanc-de","8":"product_tag-stifthalter","10":"first","11":"instock","12":"sale","13":"taxable","14":"shipping-taxable","15":"purchasable","16":"product-type-simple"},"bundled_by":[],"bundle_stock_status":"instock","bundle_stock_quantity":1,"bundle_virtual":false,"bundle_layout":"","bundle_add_to_cart_form_location":"","bundle_editable_in_cart":false,"bundle_sold_individually_context":"","bundle_item_grouping":"","bundle_min_size":"","bundle_max_size":"","bundle_price":[],"bundled_items":[],"bundle_sell_ids":[],"group_of_quantity":0,"min_quantity":0,"max_quantity":"","exclude_order_quantity_value_rules":"no","exclude_category_quantity_rules":"no","combine_variations":"no","exclude_global_add_ons":[],"addons":[],"jetpack_sharing_enabled":true,"jetpack_likes_enabled":true,"_links":{"self":[{"href":"https:\/\/watchdeluxe.it\/de\/wp-json\/wp\/v2\/product\/107960","targetHints":{"allow":["GET"]}}],"collection":[{"href":"https:\/\/watchdeluxe.it\/de\/wp-json\/wp\/v2\/product"}],"about":[{"href":"https:\/\/watchdeluxe.it\/de\/wp-json\/wp\/v2\/types\/product"}],"wp:featuredmedia":[{"embeddable":true,"href":"https:\/\/watchdeluxe.it\/de\/wp-json\/wp\/v2\/media\/107956"}],"wp:attachment":[{"href":"https:\/\/watchdeluxe.it\/de\/wp-json\/wp\/v2\/media?parent=107960"}],"wp:term":[{"taxonomy":"product_brand","embeddable":true,"href":"https:\/\/watchdeluxe.it\/de\/wp-json\/wp\/v2\/product_brand?post=107960"},{"taxonomy":"product_cat","embeddable":true,"href":"https:\/\/watchdeluxe.it\/de\/wp-json\/wp\/v2\/product_cat?post=107960"},{"taxonomy":"product_tag","embeddable":true,"href":"https:\/\/watchdeluxe.it\/de\/wp-json\/wp\/v2\/product_tag?post=107960"},{"taxonomy":"berocket_brand","embeddable":true,"href":"https:\/\/watchdeluxe.it\/de\/wp-json\/wp\/v2\/berocket_brand?post=107960"},{"taxonomy":"woo-feed-brand","embeddable":true,"href":"https:\/\/watchdeluxe.it\/de\/wp-json\/wp\/v2\/woo-feed-brand?post=107960"}],"curies":[{"name":"wp","href":"https:\/\/api.w.org\/{rel}","templated":true}]}}