{"id":107937,"date":"2024-09-17T10:05:26","date_gmt":"2024-09-17T08:05:26","guid":{"rendered":"https:\/\/watchdeluxe.it\/prodotto\/montblanc-portemonnaie-meisterstueck-rust-ref-198806\/"},"modified":"2024-09-17T10:05:26","modified_gmt":"2024-09-17T08:05:26","slug":"montblanc-portemonnaie-meisterstueck-rust-ref-198806","status":"publish","type":"product","link":"https:\/\/watchdeluxe.it\/de\/prodotto\/montblanc-portemonnaie-meisterstueck-rust-ref-198806\/","title":{"rendered":"Montblanc Portemonnaie Meisterst\u00fcck rust ref.\n198806"},"content":{"rendered":"<p>Montblanc Meisterst\u00fcck Portemonnaie Rost Ref.<br \/>\n &nbsp;198806<strong>Montblanc<\/strong> <strong>Meisterst\u00fcck <\/strong>horizontale<strong>Brieftasche<\/strong> aus <strong>rostfarbenem<\/strong> Kalbsleder mit dem kultigen Montblanc Emblem.<br \/>\nDas Innere ist aus Mastixleder gefertigt und innen gef\u00fcttert.<br \/>\nEine in Italien handgefertigte Brieftasche aus den besten Materialien, die eine unvergleichliche <strong>Verschlei\u00df- und Kratzfestigkeit<\/strong> garantieren <strong>.<\/strong> <strong>Innenaufteilung:<\/strong><\/p>\n<ul>\n<li>2 Banknotenf\u00e4cher<\/li>\n<li>6 Kreditkartenf\u00e4cher<\/li>\n<li>2 zus\u00e4tzliche F\u00e4cher<\/li>\n<\/ul>\n","protected":false},"excerpt":{"rendered":"<p>Montblanc Meisterst\u00fcck Portemonnaie Rost Ref. &nbsp;198806Montblanc Meisterst\u00fcck horizontaleBrieftasche aus rostfarbenem Kalbsleder mit dem kultigen Montblanc Emblem. Das Innere ist aus Mastixleder gefertigt und innen gef\u00fcttert. Eine in Italien handgefertigte Brieftasche aus den besten Materialien, die eine unvergleichliche Verschlei\u00df- und Kratzfestigkeit garantieren . Innenaufteilung: 2 Banknotenf\u00e4cher 6 Kreditkartenf\u00e4cher 2 zus\u00e4tzliche F\u00e4cher<\/p>\n","protected":false},"featured_media":107931,"template":"","meta":{"_crdt_document":"","advanced_seo_description":"","jetpack_seo_html_title":"","jetpack_seo_noindex":false},"product_brand":[1907],"product_cat":[2250],"product_tag":[2346],"berocket_brand":[],"woo-feed-brand":[],"class_list":{"0":"post-107937","1":"product","2":"type-product","3":"status-publish","4":"has-post-thumbnail","6":"product_brand-montblanc","7":"product_cat-montblanc-de","8":"product_tag-brieftasche","10":"first","11":"instock","12":"sale","13":"taxable","14":"shipping-taxable","15":"purchasable","16":"product-type-simple"},"bundled_by":[],"bundle_stock_status":"instock","bundle_stock_quantity":1,"bundle_virtual":false,"bundle_layout":"","bundle_add_to_cart_form_location":"","bundle_editable_in_cart":false,"bundle_sold_individually_context":"","bundle_item_grouping":"","bundle_min_size":"","bundle_max_size":"","bundle_price":[],"bundled_items":[],"bundle_sell_ids":[],"group_of_quantity":0,"min_quantity":0,"max_quantity":"","exclude_order_quantity_value_rules":"no","exclude_category_quantity_rules":"no","combine_variations":"no","jetpack_sharing_enabled":true,"jetpack_likes_enabled":true,"_links":{"self":[{"href":"https:\/\/watchdeluxe.it\/de\/wp-json\/wp\/v2\/product\/107937","targetHints":{"allow":["GET"]}}],"collection":[{"href":"https:\/\/watchdeluxe.it\/de\/wp-json\/wp\/v2\/product"}],"about":[{"href":"https:\/\/watchdeluxe.it\/de\/wp-json\/wp\/v2\/types\/product"}],"wp:featuredmedia":[{"embeddable":true,"href":"https:\/\/watchdeluxe.it\/de\/wp-json\/wp\/v2\/media\/107931"}],"wp:attachment":[{"href":"https:\/\/watchdeluxe.it\/de\/wp-json\/wp\/v2\/media?parent=107937"}],"wp:term":[{"taxonomy":"product_brand","embeddable":true,"href":"https:\/\/watchdeluxe.it\/de\/wp-json\/wp\/v2\/product_brand?post=107937"},{"taxonomy":"product_cat","embeddable":true,"href":"https:\/\/watchdeluxe.it\/de\/wp-json\/wp\/v2\/product_cat?post=107937"},{"taxonomy":"product_tag","embeddable":true,"href":"https:\/\/watchdeluxe.it\/de\/wp-json\/wp\/v2\/product_tag?post=107937"},{"taxonomy":"berocket_brand","embeddable":true,"href":"https:\/\/watchdeluxe.it\/de\/wp-json\/wp\/v2\/berocket_brand?post=107937"},{"taxonomy":"woo-feed-brand","embeddable":true,"href":"https:\/\/watchdeluxe.it\/de\/wp-json\/wp\/v2\/woo-feed-brand?post=107937"}],"curies":[{"name":"wp","href":"https:\/\/api.w.org\/{rel}","templated":true}]}}