{"id":107769,"date":"2024-09-16T10:48:19","date_gmt":"2024-09-16T08:48:19","guid":{"rendered":"https:\/\/watchdeluxe.it\/prodotto\/seiko-prospex-marinemaster-ref-sje119j1\/"},"modified":"2024-09-16T10:48:19","modified_gmt":"2024-09-16T08:48:19","slug":"seiko-prospex-marinemaster-ref-sje119j1","status":"publish","type":"product","link":"https:\/\/watchdeluxe.it\/de\/prodotto\/seiko-prospex-marinemaster-ref-sje119j1\/","title":{"rendered":"Seiko Prospex Marinemaster ref. SJE119J1"},"content":{"rendered":"<p>Seiko Prospex Marinemaster ref. SJE119J1<\/p>\n<div class=\"productSpec-item\">\n<h3 class=\"_title\">Bewegung<\/h3>\n<dl class=\"_list\">\n<dt>Kaliber<\/dt>\n<dd>6L37<\/dd>\n<dt>Art der Bewegung<\/dt>\n<dd>Automatisch mit der M\u00f6glichkeit des manuellen Aufziehens<\/dd>\n<dt>Genauigkeit<\/dt>\n<dd>Von +15 bis -10 Sekunden pro Tag<\/dd>\n<dt>Gangreserve<\/dt>\n<dd>Ungef\u00e4hr 45 Stunden<\/dd>\n<dt>Anzahl der Rubine<\/dt>\n<dd>26<\/dd>\n<dt>Funktionen<\/dt>\n<dd>\n<ul>\n<li>Stoppfunktion des Sekundenzeigers<\/li>\n<\/ul>\n<\/dd>\n<\/dl>\n<\/div>\n<div class=\"productSpec-item\">\n<h3 class=\"_title\">Geh\u00e4use\/Riemen<\/h3>\n<dl class=\"_list\">\n<dt>Geh\u00e4use Material<\/dt>\n<dd>Rostfreier Stahl<\/dd>\n<dt>Geh\u00e4usegr\u00f6\u00dfe<\/dt>\n<dd>Dicke:12.3mm Durchmesser:39.5mm Lug-to-lug:47.2mm<\/dd>\n<dt>Glas<\/dt>\n<dd>Quadratisches Saphirglas<\/dd>\n<dt>Glasverkleidungen<\/dt>\n<dd>Blendschutzbeschichtung auf der Innenseite<\/dd>\n<dt>LumiBrite<\/dt>\n<dd>LumiBrite auf Zeigern, Stundenmarkierungen und L\u00fcnette<\/dd>\n<dt>Schlie\u00dfen<\/dt>\n<dd>Dreifach-Klappverschluss mit Sicherheitsschloss, Druckknopfentriegelung mit Extender<\/dd>\n<dt>Der Umfang des Armbands<\/dt>\n<dd>200.0<\/dd>\n<dt>Abstand zwischen den Schleifen<\/dt>\n<dd>20<\/dd>\n<\/dl>\n<\/div>\n<div class=\"productSpec-item\">\n<h3 class=\"_title\">Mehr Details<\/h3>\n<dl class=\"_list\">\n<dt>Wasserbest\u00e4ndigkeit<\/dt>\n<dd>Unterwasser 200 m\/660 ft<\/dd>\n<dt>Magnetische Reluktanz<\/dt>\n<dd>4.800 A\/m<\/dd>\n<dt>Gewicht<\/dt>\n<dd>155.0<\/dd>\n<dt>Eigenschaften<\/dt>\n<dd>\n<ul>\n<li>Transparente R\u00fcckseite<\/li>\n<li>Unidirektional drehbare L\u00fcnette<\/li>\n<li>Verschraubte Krone<\/li>\n<li>Dreifach-Klappverschluss mit Sicherheitsschloss<\/li>\n<li>Transparente R\u00fcckseite \/ Schraubbare R\u00fcckseite<\/li>\n<\/ul>\n<\/dd>\n<\/dl>\n<\/div>\n","protected":false},"excerpt":{"rendered":"<p>Seiko Prospex Marinemaster ref. SJE119J1 Bewegung Kaliber 6L37 Art der Bewegung Automatisch mit der M\u00f6glichkeit des manuellen Aufziehens Genauigkeit Von +15 bis -10 Sekunden pro Tag Gangreserve Ungef\u00e4hr 45 Stunden Anzahl der Rubine 26 Funktionen Stoppfunktion des Sekundenzeigers Geh\u00e4use\/Riemen Geh\u00e4use Material Rostfreier Stahl Geh\u00e4usegr\u00f6\u00dfe Dicke:12.3mm Durchmesser:39.5mm Lug-to-lug:47.2mm Glas Quadratisches Saphirglas Glasverkleidungen Blendschutzbeschichtung auf der Innenseite [&hellip;]<\/p>\n","protected":false},"featured_media":107763,"template":"","meta":{"_crdt_document":"","advanced_seo_description":"","jetpack_seo_html_title":"","jetpack_seo_noindex":false,"jetpack_post_was_ever_published":false},"product_brand":[2159],"product_cat":[3042],"product_tag":[3224],"berocket_brand":[],"woo-feed-brand":[],"class_list":{"0":"post-107769","1":"product","2":"type-product","3":"status-publish","4":"has-post-thumbnail","6":"product_brand-seiko","7":"product_cat-seiko-de","8":"product_tag-prospex-de","10":"first","11":"instock","12":"sale","13":"taxable","14":"shipping-taxable","15":"purchasable","16":"product-type-simple"},"bundled_by":[],"bundle_stock_status":"instock","bundle_stock_quantity":1,"bundle_virtual":false,"bundle_layout":"","bundle_add_to_cart_form_location":"","bundle_editable_in_cart":false,"bundle_sold_individually_context":"","bundle_item_grouping":"","bundle_min_size":"","bundle_max_size":"","bundle_price":[],"bundled_items":[],"bundle_sell_ids":[],"group_of_quantity":0,"min_quantity":0,"max_quantity":"","exclude_order_quantity_value_rules":"no","exclude_category_quantity_rules":"no","combine_variations":"no","exclude_global_add_ons":[],"addons":[],"jetpack_sharing_enabled":true,"jetpack_likes_enabled":true,"_links":{"self":[{"href":"https:\/\/watchdeluxe.it\/de\/wp-json\/wp\/v2\/product\/107769","targetHints":{"allow":["GET"]}}],"collection":[{"href":"https:\/\/watchdeluxe.it\/de\/wp-json\/wp\/v2\/product"}],"about":[{"href":"https:\/\/watchdeluxe.it\/de\/wp-json\/wp\/v2\/types\/product"}],"wp:featuredmedia":[{"embeddable":true,"href":"https:\/\/watchdeluxe.it\/de\/wp-json\/wp\/v2\/media\/107763"}],"wp:attachment":[{"href":"https:\/\/watchdeluxe.it\/de\/wp-json\/wp\/v2\/media?parent=107769"}],"wp:term":[{"taxonomy":"product_brand","embeddable":true,"href":"https:\/\/watchdeluxe.it\/de\/wp-json\/wp\/v2\/product_brand?post=107769"},{"taxonomy":"product_cat","embeddable":true,"href":"https:\/\/watchdeluxe.it\/de\/wp-json\/wp\/v2\/product_cat?post=107769"},{"taxonomy":"product_tag","embeddable":true,"href":"https:\/\/watchdeluxe.it\/de\/wp-json\/wp\/v2\/product_tag?post=107769"},{"taxonomy":"berocket_brand","embeddable":true,"href":"https:\/\/watchdeluxe.it\/de\/wp-json\/wp\/v2\/berocket_brand?post=107769"},{"taxonomy":"woo-feed-brand","embeddable":true,"href":"https:\/\/watchdeluxe.it\/de\/wp-json\/wp\/v2\/woo-feed-brand?post=107769"}],"curies":[{"name":"wp","href":"https:\/\/api.w.org\/{rel}","templated":true}]}}