{"id":107225,"date":"2025-01-10T10:56:47","date_gmt":"2025-01-10T09:56:47","guid":{"rendered":"https:\/\/watchdeluxe.it\/prodotto\/breitling-endurance-pro-44-orange-ref-x82310a51b1s2\/"},"modified":"2025-01-10T10:56:55","modified_gmt":"2025-01-10T09:56:55","slug":"breitling-endurance-pro-44-orange-ref-x82310a51b1s2","status":"publish","type":"product","link":"https:\/\/watchdeluxe.it\/de\/prodotto\/breitling-endurance-pro-44-orange-ref-x82310a51b1s2\/","title":{"rendered":"Breitling Endurance Pro 44 orange ref.\nX82310A51B1S2"},"content":{"rendered":"<p>Breitling Endurance Pro 44 orange ref.<br \/>\nX82310A51B1S2<\/p>\n<div class=\"content-technical-data mt-15 pb-10\">\n<h3 class=\"font-weight-bold title\">Bewegung<\/h3>\n<table class=\"mt-10 w-100\">\n<tbody>\n<tr>\n<th class=\"pl-0 pr-5 text-left vertical-align-top\" scope=\"row\">Kaliber<\/th>\n<td class=\"vertical-align-top\">Breitling 82<\/td>\n<\/tr>\n<tr>\n<th class=\"pl-0 pr-5 text-left vertical-align-top\" scope=\"row\">Uhrwerk<\/th>\n<td class=\"vertical-align-top\">SuperQuartz\u2122 thermokompensiert<\/td>\n<\/tr>\n<tr>\n<th class=\"pl-0 pr-5 text-left vertical-align-top\" scope=\"row\">Chronograph<\/th>\n<td class=\"vertical-align-top\">1\/10-Sekunde, 30 Minuten<\/td>\n<\/tr>\n<tr>\n<th class=\"pl-0 pr-5 text-left vertical-align-top\" scope=\"row\">Rubin<\/th>\n<td class=\"vertical-align-top\">4 Rubine<\/td>\n<\/tr>\n<tr>\n<th class=\"pl-0 pr-5 text-left vertical-align-top\" scope=\"row\">Kalender<\/th>\n<td class=\"vertical-align-top\">Fenster im Zifferblatt<\/td>\n<\/tr>\n<tr>\n<th class=\"pl-0 pr-5 text-left vertical-align-top\" scope=\"row\">Batterietyp und Nutzungsdauer<\/th>\n<td class=\"vertical-align-top\">Ca. 2 Jahre<\/td>\n<\/tr>\n<\/tbody>\n<\/table>\n<\/div>\n<div class=\"content-technical-data mt-15 pb-10\">\n<h3 class=\"font-weight-bold title\">Fall<\/h3>\n<table class=\"mt-10 w-100\">\n<tbody>\n<tr>\n<th class=\"pl-0 pr-5 text-left vertical-align-top\" scope=\"row\">Material des Geh\u00e4uses<\/th>\n<td class=\"vertical-align-top\">Breitlight\u00ae<\/td>\n<\/tr>\n<tr>\n<th class=\"pl-0 pr-5 text-left vertical-align-top\" scope=\"row\">R\u00fcckseite<\/th>\n<td class=\"vertical-align-top\">Aufschrauben<\/td>\n<\/tr>\n<tr>\n<th class=\"pl-0 pr-5 text-left vertical-align-top\" scope=\"row\">Wasserbest\u00e4ndigkeit<\/th>\n<td class=\"vertical-align-top\">10 bar <span class=\"align-items-center bg-primary-yellow cursor-pointer d-flex justify-content-center ml-5 rounded-circle text-white water-resistance-description-open-popup\" tabindex=\"0\" role=\"button\" aria-label=\"price information\" data-popin-id=\"water_resistance\" data-popin-title=\"Impermeabilit\u00e0\" data-uw-rm-kbnav=\"role\">i<\/span><\/td>\n<\/tr>\n<tr>\n<th class=\"pl-0 pr-5 text-left vertical-align-top\" scope=\"row\">L\u00fcnette<\/th>\n<td class=\"vertical-align-top\">Bidirektional, Kompassrose<\/td>\n<\/tr>\n<tr>\n<th class=\"pl-0 pr-5 text-left vertical-align-top\" scope=\"row\">Krone<\/th>\n<td class=\"vertical-align-top\">Nicht verschraubt, zwei Verbindungen<\/td>\n<\/tr>\n<tr>\n<th class=\"pl-0 pr-5 text-left vertical-align-top\" scope=\"row\">Glas<\/th>\n<td class=\"vertical-align-top\">Saphir, beidseitig antireflektierend<\/td>\n<\/tr>\n<\/tbody>\n<\/table>\n<\/div>\n<div class=\"content-technical-data mt-15 pb-10\">\n<h3 class=\"font-weight-bold title\">Abmessungen<\/h3>\n<table class=\"mt-10 w-100\">\n<tbody>\n<tr>\n<th class=\"pl-0 pr-5 text-left vertical-align-top\" scope=\"row\">Produktgewicht (ca.)<\/th>\n<td class=\"vertical-align-top\">56,0 g<\/td>\n<\/tr>\n<tr>\n<th class=\"pl-0 pr-5 text-left vertical-align-top\" scope=\"row\">Gewicht des Uhrenkopfes (ca.)<\/th>\n<td class=\"vertical-align-top\">35,5 g.<\/td>\n<\/tr>\n<tr>\n<th class=\"pl-0 pr-5 text-left vertical-align-top\" scope=\"row\">Durchmesser<\/th>\n<td class=\"vertical-align-top\">44.0 mm<\/td>\n<\/tr>\n<tr>\n<th class=\"pl-0 pr-5 text-left vertical-align-top\" scope=\"row\">Dicke<\/th>\n<td class=\"vertical-align-top\">12,5 mm<\/td>\n<\/tr>\n<tr>\n<th class=\"pl-0 pr-5 text-left vertical-align-top\" scope=\"row\">H\u00f6he (von oberer Schleifenspitze zu unterer Schleifenspitze)<\/th>\n<td class=\"vertical-align-top\">52,4 mm<\/td>\n<\/tr>\n<tr>\n<th class=\"pl-0 pr-5 text-left vertical-align-top\" scope=\"row\">Lamellenbreite (Zwischenschleife)<\/th>\n<td class=\"vertical-align-top\">22.0 mm<\/td>\n<\/tr>\n<\/tbody>\n<\/table>\n<\/div>\n<div class=\"content-technical-data mt-15 pb-10\">\n<h3 class=\"font-weight-bold title\">Riemen<\/h3>\n<table class=\"mt-10 w-100\">\n<tbody>\n<tr>\n<th class=\"pl-0 pr-5 text-left vertical-align-top\" scope=\"row\">Material des Armbands<\/th>\n<td class=\"vertical-align-top\">Gummi<\/td>\n<\/tr>\n<tr>\n<th class=\"pl-0 pr-5 text-left vertical-align-top\" scope=\"row\">Farbe des Armbands<\/th>\n<td class=\"vertical-align-top\">Orange<\/td>\n<\/tr>\n<tr>\n<th class=\"pl-0 pr-5 text-left vertical-align-top\" scope=\"row\">Gurt Typ<\/th>\n<td class=\"vertical-align-top\">Gerade<\/td>\n<\/tr>\n<tr>\n<th class=\"pl-0 pr-5 text-left vertical-align-top\" scope=\"row\">Abstand zwischen den \u00d6sen<\/th>\n<td class=\"vertical-align-top\">22\/18 mm<\/td>\n<\/tr>\n<tr>\n<th class=\"pl-0 pr-5 text-left vertical-align-top\" scope=\"row\">Material der Schnalle<\/th>\n<td class=\"vertical-align-top\">Breitlight\u00ae<\/td>\n<\/tr>\n<tr>\n<th class=\"pl-0 pr-5 text-left vertical-align-top\" scope=\"row\">Verschluss<\/th>\n<td class=\"vertical-align-top\">Schnalle<\/td>\n<\/tr>\n<tr>\n<th class=\"pl-0 pr-5 text-left vertical-align-top\" scope=\"row\">Gr\u00f6\u00dfe der Schnalle<\/th>\n<td class=\"vertical-align-top\">18 mm<\/td>\n<\/tr>\n<\/tbody>\n<\/table>\n<\/div>\n","protected":false},"excerpt":{"rendered":"<p>Breitling Endurance Pro 44 orange ref. X82310A51B1S2 Bewegung Kaliber Breitling 82 Uhrwerk SuperQuartz\u2122 thermokompensiert Chronograph 1\/10-Sekunde, 30 Minuten Rubin 4 Rubine Kalender Fenster im Zifferblatt Batterietyp und Nutzungsdauer Ca. 2 Jahre Fall Material des Geh\u00e4uses Breitlight\u00ae R\u00fcckseite Aufschrauben Wasserbest\u00e4ndigkeit 10 bar i L\u00fcnette Bidirektional, Kompassrose Krone Nicht verschraubt, zwei Verbindungen Glas Saphir, beidseitig antireflektierend Abmessungen [&hellip;]<\/p>\n","protected":false},"featured_media":107222,"template":"","meta":{"_crdt_document":"","advanced_seo_description":"","jetpack_seo_html_title":"","jetpack_seo_noindex":false},"product_brand":[],"product_cat":[2656],"product_tag":[4607],"berocket_brand":[],"woo-feed-brand":[],"class_list":{"0":"post-107225","1":"product","2":"type-product","3":"status-publish","4":"has-post-thumbnail","6":"product_cat-breitling-de","7":"product_tag-ausdauerprofi","9":"first","10":"instock","11":"sale","12":"taxable","13":"shipping-taxable","14":"purchasable","15":"product-type-simple"},"bundled_by":[],"bundle_stock_status":"instock","bundle_stock_quantity":1,"bundle_virtual":false,"bundle_layout":"","bundle_add_to_cart_form_location":"","bundle_editable_in_cart":false,"bundle_sold_individually_context":"","bundle_item_grouping":"","bundle_min_size":"","bundle_max_size":"","bundle_price":[],"bundled_items":[],"bundle_sell_ids":[],"group_of_quantity":0,"min_quantity":0,"max_quantity":"","exclude_order_quantity_value_rules":"no","exclude_category_quantity_rules":"no","combine_variations":"no","jetpack_sharing_enabled":true,"jetpack_likes_enabled":true,"_links":{"self":[{"href":"https:\/\/watchdeluxe.it\/de\/wp-json\/wp\/v2\/product\/107225","targetHints":{"allow":["GET"]}}],"collection":[{"href":"https:\/\/watchdeluxe.it\/de\/wp-json\/wp\/v2\/product"}],"about":[{"href":"https:\/\/watchdeluxe.it\/de\/wp-json\/wp\/v2\/types\/product"}],"wp:featuredmedia":[{"embeddable":true,"href":"https:\/\/watchdeluxe.it\/de\/wp-json\/wp\/v2\/media\/107222"}],"wp:attachment":[{"href":"https:\/\/watchdeluxe.it\/de\/wp-json\/wp\/v2\/media?parent=107225"}],"wp:term":[{"taxonomy":"product_brand","embeddable":true,"href":"https:\/\/watchdeluxe.it\/de\/wp-json\/wp\/v2\/product_brand?post=107225"},{"taxonomy":"product_cat","embeddable":true,"href":"https:\/\/watchdeluxe.it\/de\/wp-json\/wp\/v2\/product_cat?post=107225"},{"taxonomy":"product_tag","embeddable":true,"href":"https:\/\/watchdeluxe.it\/de\/wp-json\/wp\/v2\/product_tag?post=107225"},{"taxonomy":"berocket_brand","embeddable":true,"href":"https:\/\/watchdeluxe.it\/de\/wp-json\/wp\/v2\/berocket_brand?post=107225"},{"taxonomy":"woo-feed-brand","embeddable":true,"href":"https:\/\/watchdeluxe.it\/de\/wp-json\/wp\/v2\/woo-feed-brand?post=107225"}],"curies":[{"name":"wp","href":"https:\/\/api.w.org\/{rel}","templated":true}]}}