{"id":107164,"date":"2024-08-06T16:25:18","date_gmt":"2024-08-06T14:25:18","guid":{"rendered":"https:\/\/watchdeluxe.it\/prodotto\/breitling-super-chronomat-ref-u17356531l1u1\/"},"modified":"2026-04-10T16:36:00","modified_gmt":"2026-04-10T14:36:00","slug":"breitling-super-chronomat-ref-u17356531l1u1","status":"publish","type":"product","link":"https:\/\/watchdeluxe.it\/de\/prodotto\/breitling-super-chronomat-ref-u17356531l1u1\/","title":{"rendered":"Breitling Super Chronomat Ref. U17356531L1U1"},"content":{"rendered":"<p>Breitling Super Chronomat Ref. U17356531L1U1<\/p>\n<p>FormRund<br \/>\nGr\u00f6\u00dfe38 mm<br \/>\nGeh\u00e4usematerialStahl, 18 Karat Rotgold und Diamanten<br \/>\nGlasartSaphirglas<br \/>\nWasserdichtigkeit100 m<\/p>\n<p>Bewegung<\/p>\n<p>UhrwerkAutomatik<br \/>\nKaliberC<\/p>\n<p>Funktionen<\/p>\n<p>KomplikationNur Zeit<br \/>\nDatumsanzeigeDatum<\/p>\n<p>W\u00e4hlen Sie<\/p>\n<p>ZifferblattMintgr\u00fcn<\/p>\n<p>Armb\u00e4nder<\/p>\n<p>ArmbandStahl und 18 Karat Rotgold<\/p>\n","protected":false},"excerpt":{"rendered":"<p>Breitling Super Chronomat Ref. U17356531L1U1 FormRund Gr\u00f6\u00dfe38 mm Geh\u00e4usematerialStahl, 18 Karat Rotgold und Diamanten GlasartSaphirglas Wasserdichtigkeit100 m Bewegung UhrwerkAutomatik KaliberC Funktionen KomplikationNur Zeit DatumsanzeigeDatum W\u00e4hlen Sie ZifferblattMintgr\u00fcn Armb\u00e4nder ArmbandStahl und 18 Karat Rotgold<\/p>\n","protected":false},"featured_media":107156,"template":"","meta":{"_crdt_document":"","advanced_seo_description":"","jetpack_seo_html_title":"","jetpack_seo_noindex":false},"product_brand":[],"product_cat":[2656],"product_tag":[2677],"berocket_brand":[],"woo-feed-brand":[],"class_list":{"0":"post-107164","1":"product","2":"type-product","3":"status-publish","4":"has-post-thumbnail","6":"product_cat-breitling-de","7":"product_tag-chronomat-de","9":"first","10":"instock","11":"sale","12":"taxable","13":"shipping-taxable","14":"purchasable","15":"product-type-simple"},"bundled_by":[],"bundle_stock_status":"instock","bundle_stock_quantity":1,"bundle_virtual":false,"bundle_layout":"","bundle_add_to_cart_form_location":"","bundle_editable_in_cart":false,"bundle_sold_individually_context":"","bundle_item_grouping":"","bundle_min_size":"","bundle_max_size":"","bundle_price":[],"bundled_items":[],"bundle_sell_ids":[],"group_of_quantity":0,"min_quantity":0,"max_quantity":"","exclude_order_quantity_value_rules":"no","exclude_category_quantity_rules":"no","combine_variations":"no","jetpack_sharing_enabled":true,"jetpack_likes_enabled":true,"_links":{"self":[{"href":"https:\/\/watchdeluxe.it\/de\/wp-json\/wp\/v2\/product\/107164","targetHints":{"allow":["GET"]}}],"collection":[{"href":"https:\/\/watchdeluxe.it\/de\/wp-json\/wp\/v2\/product"}],"about":[{"href":"https:\/\/watchdeluxe.it\/de\/wp-json\/wp\/v2\/types\/product"}],"wp:featuredmedia":[{"embeddable":true,"href":"https:\/\/watchdeluxe.it\/de\/wp-json\/wp\/v2\/media\/107156"}],"wp:attachment":[{"href":"https:\/\/watchdeluxe.it\/de\/wp-json\/wp\/v2\/media?parent=107164"}],"wp:term":[{"taxonomy":"product_brand","embeddable":true,"href":"https:\/\/watchdeluxe.it\/de\/wp-json\/wp\/v2\/product_brand?post=107164"},{"taxonomy":"product_cat","embeddable":true,"href":"https:\/\/watchdeluxe.it\/de\/wp-json\/wp\/v2\/product_cat?post=107164"},{"taxonomy":"product_tag","embeddable":true,"href":"https:\/\/watchdeluxe.it\/de\/wp-json\/wp\/v2\/product_tag?post=107164"},{"taxonomy":"berocket_brand","embeddable":true,"href":"https:\/\/watchdeluxe.it\/de\/wp-json\/wp\/v2\/berocket_brand?post=107164"},{"taxonomy":"woo-feed-brand","embeddable":true,"href":"https:\/\/watchdeluxe.it\/de\/wp-json\/wp\/v2\/woo-feed-brand?post=107164"}],"curies":[{"name":"wp","href":"https:\/\/api.w.org\/{rel}","templated":true}]}}