{"id":107081,"date":"2024-08-05T16:53:21","date_gmt":"2024-08-05T14:53:21","guid":{"rendered":"https:\/\/watchdeluxe.it\/prodotto\/mido-baroncelli-heritage-ref-m0274072201100\/"},"modified":"2024-08-05T16:53:21","modified_gmt":"2024-08-05T14:53:21","slug":"mido-baroncelli-heritage-ref-m0274072201100","status":"publish","type":"product","link":"https:\/\/watchdeluxe.it\/de\/prodotto\/mido-baroncelli-heritage-ref-m0274072201100\/","title":{"rendered":"Mido Baroncelli Heritage ref. M0274072201100"},"content":{"rendered":"<p>Mido Baroncelli Heritage ref. M0274072201100<\/p>\n<ul>\n<li>\n<h4 aria-level=\"3\">Geh\u00e4useform<\/h4>\n<p>  Rund<\/li>\n<li>\n<h4 aria-level=\"3\">L\u00e4nge (mm)<\/h4>\n<p>  39.00<\/li>\n<li>\n<h4 aria-level=\"3\">Breite (mm)<\/h4>\n<p>  39.00<\/li>\n<li>\n<h4 aria-level=\"3\">Durchschnittliche Dicke (mm)<\/h4>\n<p>  7.3<\/li>\n<li>\n<h4 aria-level=\"3\">B\u00e4nder (mm)<\/h4>\n<p>  20.00<\/li>\n<li>\n<h4 aria-level=\"3\">Geh\u00e4use Material<\/h4>\n<p>  Edelstahl mit ros\u00e9goldener PVD-Beschichtung<\/li>\n<li>\n<h4 aria-level=\"3\">Glas<\/h4>\n<p>  Saphirglas mit beidseitiger Antireflexionsbeschichtung<\/li>\n<li>\n<h4 aria-level=\"3\">Geh\u00e4use Optionen<\/h4>\n<p>  Geh\u00e4use mit sichtbarem Geh\u00e4useboden<\/li>\n<li>\n<h4 aria-level=\"3\">Funktionen<\/h4>\n<p>  Datum<\/li>\n<li>\n<h4 aria-level=\"3\">Gangreserve<\/h4>\n<p>  72 Stunden Gangreserve<\/li>\n<li>\n<h4 aria-level=\"3\">Bewegung<\/h4>\n<p>  Mido automatische ETA<\/li>\n<li>\n<\/li>\n<\/ul>\n","protected":false},"excerpt":{"rendered":"<p>Mido Baroncelli Heritage ref. M0274072201100 Geh\u00e4useform Rund L\u00e4nge (mm) 39.00 Breite (mm) 39.00 Durchschnittliche Dicke (mm) 7.3 B\u00e4nder (mm) 20.00 Geh\u00e4use Material Edelstahl mit ros\u00e9goldener PVD-Beschichtung Glas Saphirglas mit beidseitiger Antireflexionsbeschichtung Geh\u00e4use Optionen Geh\u00e4use mit sichtbarem Geh\u00e4useboden Funktionen Datum Gangreserve 72 Stunden Gangreserve Bewegung Mido automatische ETA<\/p>\n","protected":false},"featured_media":107078,"template":"","meta":{"_crdt_document":"","advanced_seo_description":"","jetpack_seo_html_title":"","jetpack_seo_noindex":false},"product_brand":[2153],"product_cat":[2938],"product_tag":[3221],"berocket_brand":[],"woo-feed-brand":[],"class_list":{"0":"post-107081","1":"product","2":"type-product","3":"status-publish","4":"has-post-thumbnail","6":"product_brand-mido","7":"product_cat-mido-de","8":"product_tag-baroncelli-de","10":"first","11":"instock","12":"sale","13":"taxable","14":"shipping-taxable","15":"purchasable","16":"product-type-simple"},"bundled_by":[],"bundle_stock_status":"instock","bundle_stock_quantity":1,"bundle_virtual":false,"bundle_layout":"","bundle_add_to_cart_form_location":"","bundle_editable_in_cart":false,"bundle_sold_individually_context":"","bundle_item_grouping":"","bundle_min_size":"","bundle_max_size":"","bundle_price":[],"bundled_items":[],"bundle_sell_ids":[],"group_of_quantity":0,"min_quantity":0,"max_quantity":"","exclude_order_quantity_value_rules":"no","exclude_category_quantity_rules":"no","combine_variations":"no","jetpack_sharing_enabled":true,"jetpack_likes_enabled":true,"_links":{"self":[{"href":"https:\/\/watchdeluxe.it\/de\/wp-json\/wp\/v2\/product\/107081","targetHints":{"allow":["GET"]}}],"collection":[{"href":"https:\/\/watchdeluxe.it\/de\/wp-json\/wp\/v2\/product"}],"about":[{"href":"https:\/\/watchdeluxe.it\/de\/wp-json\/wp\/v2\/types\/product"}],"wp:featuredmedia":[{"embeddable":true,"href":"https:\/\/watchdeluxe.it\/de\/wp-json\/wp\/v2\/media\/107078"}],"wp:attachment":[{"href":"https:\/\/watchdeluxe.it\/de\/wp-json\/wp\/v2\/media?parent=107081"}],"wp:term":[{"taxonomy":"product_brand","embeddable":true,"href":"https:\/\/watchdeluxe.it\/de\/wp-json\/wp\/v2\/product_brand?post=107081"},{"taxonomy":"product_cat","embeddable":true,"href":"https:\/\/watchdeluxe.it\/de\/wp-json\/wp\/v2\/product_cat?post=107081"},{"taxonomy":"product_tag","embeddable":true,"href":"https:\/\/watchdeluxe.it\/de\/wp-json\/wp\/v2\/product_tag?post=107081"},{"taxonomy":"berocket_brand","embeddable":true,"href":"https:\/\/watchdeluxe.it\/de\/wp-json\/wp\/v2\/berocket_brand?post=107081"},{"taxonomy":"woo-feed-brand","embeddable":true,"href":"https:\/\/watchdeluxe.it\/de\/wp-json\/wp\/v2\/woo-feed-brand?post=107081"}],"curies":[{"name":"wp","href":"https:\/\/api.w.org\/{rel}","templated":true}]}}