{"id":106279,"date":"2024-07-24T15:33:18","date_gmt":"2024-07-24T13:33:18","guid":{"rendered":"https:\/\/watchdeluxe.it\/prodotto\/longines-conquest-diamanten-ref-l33204876\/"},"modified":"2024-07-24T15:33:18","modified_gmt":"2024-07-24T13:33:18","slug":"longines-conquest-diamanten-ref-l33204876","status":"publish","type":"product","link":"https:\/\/watchdeluxe.it\/de\/prodotto\/longines-conquest-diamanten-ref-l33204876\/","title":{"rendered":"Longines Conquest Diamanten Ref.\nL33204876"},"content":{"rendered":"<p>Longines Conquest Diamanten Ref.<br \/>\nL33204876 <b>Uhrwerk:<\/b> Automatischer Aufzug <b>Gangreserve:<\/b> 45 Stunden <b>Zifferblatt:<\/b> Wei\u00dfes Perlmutt und Diamanten <b>Anzeigen:<\/b> Stundenmarkierungen <b>Geh\u00e4use<\/b>: Stahl <b>Gr\u00f6\u00dfe:<\/b> 30 mm <b>Armband<\/b>: Stahl <b>Wasserdicht<\/b>: 10 bar <b>Glas:<\/b> Kratzfestes Saphirglas mit beidseitiger Antireflexbeschichtung <b>Genre:<\/b> Damenmodell<\/p>\n","protected":false},"excerpt":{"rendered":"<p>Longines Conquest Diamanten Ref. L33204876 Uhrwerk: Automatischer Aufzug Gangreserve: 45 Stunden Zifferblatt: Wei\u00dfes Perlmutt und Diamanten Anzeigen: Stundenmarkierungen Geh\u00e4use: Stahl Gr\u00f6\u00dfe: 30 mm Armband: Stahl Wasserdicht: 10 bar Glas: Kratzfestes Saphirglas mit beidseitiger Antireflexbeschichtung Genre: Damenmodell<\/p>\n","protected":false},"featured_media":106276,"template":"","meta":{"_crdt_document":"","advanced_seo_description":"","jetpack_seo_html_title":"","jetpack_seo_noindex":false},"product_brand":[2151],"product_cat":[2192],"product_tag":[2412],"berocket_brand":[],"woo-feed-brand":[],"class_list":{"0":"post-106279","1":"product","2":"type-product","3":"status-publish","4":"has-post-thumbnail","6":"product_brand-longines","7":"product_cat-longines-de","8":"product_tag-eroberung","10":"first","11":"instock","12":"sale","13":"taxable","14":"shipping-taxable","15":"purchasable","16":"product-type-simple"},"bundled_by":[],"bundle_stock_status":"instock","bundle_stock_quantity":1,"bundle_virtual":false,"bundle_layout":"","bundle_add_to_cart_form_location":"","bundle_editable_in_cart":false,"bundle_sold_individually_context":"","bundle_item_grouping":"","bundle_min_size":"","bundle_max_size":"","bundle_price":[],"bundled_items":[],"bundle_sell_ids":[],"group_of_quantity":0,"min_quantity":0,"max_quantity":"","exclude_order_quantity_value_rules":"no","exclude_category_quantity_rules":"no","combine_variations":"no","exclude_global_add_ons":[],"addons":[],"jetpack_sharing_enabled":true,"jetpack_likes_enabled":true,"_links":{"self":[{"href":"https:\/\/watchdeluxe.it\/de\/wp-json\/wp\/v2\/product\/106279","targetHints":{"allow":["GET"]}}],"collection":[{"href":"https:\/\/watchdeluxe.it\/de\/wp-json\/wp\/v2\/product"}],"about":[{"href":"https:\/\/watchdeluxe.it\/de\/wp-json\/wp\/v2\/types\/product"}],"wp:featuredmedia":[{"embeddable":true,"href":"https:\/\/watchdeluxe.it\/de\/wp-json\/wp\/v2\/media\/106276"}],"wp:attachment":[{"href":"https:\/\/watchdeluxe.it\/de\/wp-json\/wp\/v2\/media?parent=106279"}],"wp:term":[{"taxonomy":"product_brand","embeddable":true,"href":"https:\/\/watchdeluxe.it\/de\/wp-json\/wp\/v2\/product_brand?post=106279"},{"taxonomy":"product_cat","embeddable":true,"href":"https:\/\/watchdeluxe.it\/de\/wp-json\/wp\/v2\/product_cat?post=106279"},{"taxonomy":"product_tag","embeddable":true,"href":"https:\/\/watchdeluxe.it\/de\/wp-json\/wp\/v2\/product_tag?post=106279"},{"taxonomy":"berocket_brand","embeddable":true,"href":"https:\/\/watchdeluxe.it\/de\/wp-json\/wp\/v2\/berocket_brand?post=106279"},{"taxonomy":"woo-feed-brand","embeddable":true,"href":"https:\/\/watchdeluxe.it\/de\/wp-json\/wp\/v2\/woo-feed-brand?post=106279"}],"curies":[{"name":"wp","href":"https:\/\/api.w.org\/{rel}","templated":true}]}}