{"id":105113,"date":"2024-06-21T16:59:07","date_gmt":"2024-06-21T14:59:07","guid":{"rendered":"https:\/\/watchdeluxe.it\/prodotto\/grand-seiko-heritage-gruen-ref-sbgh343g\/"},"modified":"2024-06-21T16:59:07","modified_gmt":"2024-06-21T14:59:07","slug":"grand-seiko-heritage-gruen-ref-sbgh343g","status":"publish","type":"product","link":"https:\/\/watchdeluxe.it\/de\/prodotto\/grand-seiko-heritage-gruen-ref-sbgh343g\/","title":{"rendered":"Grand Seiko Heritage gr\u00fcn ref. SBGH343G"},"content":{"rendered":"<div class=\"_item\">\n<div class=\"_body\">\n<table class=\"_table\">\n<tbody>\n<tr>\n<th>\u00c4u\u00dferes:<\/th>\n<td>Hochintensives Titan<\/td>\n<\/tr>\n<tr>\n<th>Zur\u00fcck:<\/th>\n<td>Durchsichtiger &amp; verschraubter Geh\u00e4useboden<\/td>\n<\/tr>\n<tr>\n<th>Material Glas:<\/th>\n<td>Quadratisches Saphirglas<\/td>\n<\/tr>\n<tr>\n<th>Glasbeschichtung:<\/th>\n<td>Blendschutzbeschichtung auf der Innenseite<\/td>\n<\/tr>\n<tr>\n<th>Gr\u00f6\u00dfe des Geh\u00e4uses:<\/th>\n<td>Durchmesser 38.0mm Lug-to-lug 44.7mm Dicke 12.9mm<\/td>\n<\/tr>\n<tr>\n<th>Breite des Riemens:<\/th>\n<td>20mm<\/td>\n<\/tr>\n<tr>\n<th>Art des Schlosses:<\/th>\n<td>Dreifach-Klappverschluss mit Druckknopfentriegelung<\/td>\n<\/tr>\n<tr>\n<th>L\u00e4nge des Armbands:<\/th>\n<td>197mm<\/td>\n<\/tr>\n<\/tbody>\n<\/table>\n<\/div>\n<\/div>\n<div class=\"_item\">\n<div class=\"_header\">Bewegung<\/div>\n<div class=\"_body\">\n<table class=\"_table\">\n<tbody>\n<tr>\n<th>Kalibercode:<\/th>\n<td>9S85 Anweisungen<\/td>\n<\/tr>\n<tr>\n<th>Art der Bewegung:<\/th>\n<td>Automatisch mit der M\u00f6glichkeit des manuellen Aufziehens<\/td>\n<\/tr>\n<tr>\n<th>Gangreserve:<\/th>\n<td>Ungef\u00e4hr 55 Stunden<\/td>\n<\/tr>\n<tr>\n<th>Wenn statisch:<\/th>\n<td>Von +5 bis -3 Sekunden pro Tag<\/td>\n<\/tr>\n<\/tbody>\n<\/table>\n<\/div>\n<\/div>\n<div class=\"_item\">\n<div class=\"_header\">Funktionen<\/div>\n<div class=\"_body\">\n<table class=\"_table\">\n<tbody>\n<tr>\n<th>Wasserdicht:<\/th>\n<td>10 bar<\/td>\n<\/tr>\n<tr>\n<th>Magnetischer Widerstand:<\/th>\n<td>4.800 A\/m<\/td>\n<\/tr>\n<tr>\n<th>Gewicht:<\/th>\n<td>98 g<\/td>\n<\/tr>\n<tr>\n<th>Weitere Details \/ Merkmale:<\/th>\n<td>\n<ul class=\"list-type-bullet\">\n<li>Verschraubte Krone<\/li>\n<li>Gegen eine allergische Reaktion auf Metalle<\/li>\n<li>37 Rubine<\/li>\n<\/ul>\n<\/td>\n<\/tr>\n<\/tbody>\n<\/table>\n<\/div>\n<\/div>\n","protected":false},"excerpt":{"rendered":"<p>\u00c4u\u00dferes: Hochintensives Titan Zur\u00fcck: Durchsichtiger &amp; verschraubter Geh\u00e4useboden Material Glas: Quadratisches Saphirglas Glasbeschichtung: Blendschutzbeschichtung auf der Innenseite Gr\u00f6\u00dfe des Geh\u00e4uses: Durchmesser 38.0mm Lug-to-lug 44.7mm Dicke 12.9mm Breite des Riemens: 20mm Art des Schlosses: Dreifach-Klappverschluss mit Druckknopfentriegelung L\u00e4nge des Armbands: 197mm Bewegung Kalibercode: 9S85 Anweisungen Art der Bewegung: Automatisch mit der M\u00f6glichkeit des manuellen Aufziehens Gangreserve: [&hellip;]<\/p>\n","protected":false},"featured_media":105110,"template":"","meta":{"_crdt_document":"","advanced_seo_description":"","jetpack_seo_html_title":"","jetpack_seo_noindex":false,"jetpack_post_was_ever_published":false},"product_brand":[2148],"product_cat":[3907],"product_tag":[2456],"berocket_brand":[],"woo-feed-brand":[],"class_list":{"0":"post-105113","1":"product","2":"type-product","3":"status-publish","4":"has-post-thumbnail","6":"product_brand-grand-seiko","7":"product_cat-grand-seiko-de","8":"product_tag-erbe","10":"first","11":"instock","12":"sale","13":"taxable","14":"shipping-taxable","15":"purchasable","16":"product-type-simple"},"bundled_by":[],"bundle_stock_status":"instock","bundle_stock_quantity":1,"bundle_virtual":false,"bundle_layout":"","bundle_add_to_cart_form_location":"","bundle_editable_in_cart":false,"bundle_sold_individually_context":"","bundle_item_grouping":"","bundle_min_size":"","bundle_max_size":"","bundle_price":[],"bundled_items":[],"bundle_sell_ids":[],"group_of_quantity":0,"min_quantity":0,"max_quantity":"","exclude_order_quantity_value_rules":"no","exclude_category_quantity_rules":"no","combine_variations":"no","exclude_global_add_ons":[],"addons":[],"jetpack_sharing_enabled":true,"jetpack_likes_enabled":true,"_links":{"self":[{"href":"https:\/\/watchdeluxe.it\/de\/wp-json\/wp\/v2\/product\/105113","targetHints":{"allow":["GET"]}}],"collection":[{"href":"https:\/\/watchdeluxe.it\/de\/wp-json\/wp\/v2\/product"}],"about":[{"href":"https:\/\/watchdeluxe.it\/de\/wp-json\/wp\/v2\/types\/product"}],"wp:featuredmedia":[{"embeddable":true,"href":"https:\/\/watchdeluxe.it\/de\/wp-json\/wp\/v2\/media\/105110"}],"wp:attachment":[{"href":"https:\/\/watchdeluxe.it\/de\/wp-json\/wp\/v2\/media?parent=105113"}],"wp:term":[{"taxonomy":"product_brand","embeddable":true,"href":"https:\/\/watchdeluxe.it\/de\/wp-json\/wp\/v2\/product_brand?post=105113"},{"taxonomy":"product_cat","embeddable":true,"href":"https:\/\/watchdeluxe.it\/de\/wp-json\/wp\/v2\/product_cat?post=105113"},{"taxonomy":"product_tag","embeddable":true,"href":"https:\/\/watchdeluxe.it\/de\/wp-json\/wp\/v2\/product_tag?post=105113"},{"taxonomy":"berocket_brand","embeddable":true,"href":"https:\/\/watchdeluxe.it\/de\/wp-json\/wp\/v2\/berocket_brand?post=105113"},{"taxonomy":"woo-feed-brand","embeddable":true,"href":"https:\/\/watchdeluxe.it\/de\/wp-json\/wp\/v2\/woo-feed-brand?post=105113"}],"curies":[{"name":"wp","href":"https:\/\/api.w.org\/{rel}","templated":true}]}}