{"id":104673,"date":"2024-06-19T15:28:29","date_gmt":"2024-06-19T13:28:29","guid":{"rendered":"https:\/\/watchdeluxe.it\/prodotto\/breitling-navitimer-gmt-ref-a32310211g1a1\/"},"modified":"2026-02-02T15:53:38","modified_gmt":"2026-02-02T14:53:38","slug":"breitling-navitimer-gmt-ref-a32310211g1a1","status":"publish","type":"product","link":"https:\/\/watchdeluxe.it\/de\/prodotto\/breitling-navitimer-gmt-ref-a32310211g1a1\/","title":{"rendered":"Breitling Navitimer GMT ref. A32310211G1A1"},"content":{"rendered":"<p>Breitling Navitimer GMT ref. A32310211G1A1<\/p>\n<div class=\"content-technical-data mt-15 pb-10\">\n<h3 class=\"font-weight-bold title\">Bewegung<\/h3>\n<table class=\"mt-10 w-100\">\n<tbody>\n<tr>\n<th class=\"pl-0 pr-5 text-left vertical-align-top\" scope=\"row\">Kaliber<\/th>\n<td class=\"vertical-align-top\">Breitling 32<\/td>\n<\/tr>\n<tr>\n<th class=\"pl-0 pr-5 text-left vertical-align-top\" scope=\"row\">Bewegung<\/th>\n<td class=\"vertical-align-top\">Mechanisch, automatischer Aufzug, 2. Zeitzone (24H)<\/td>\n<\/tr>\n<tr>\n<th class=\"pl-0 pr-5 text-left vertical-align-top\" scope=\"row\">Gangreserve<\/th>\n<td class=\"vertical-align-top\">Ca. 42 Stunden<\/td>\n<\/tr>\n<tr>\n<th class=\"pl-0 pr-5 text-left vertical-align-top\" scope=\"row\">Abwechslung<\/th>\n<td class=\"vertical-align-top\">28 800 a\/h<\/td>\n<\/tr>\n<tr>\n<th class=\"pl-0 pr-5 text-left vertical-align-top\" scope=\"row\">Rubinrot<\/th>\n<td class=\"vertical-align-top\">21 Rubine<\/td>\n<\/tr>\n<tr>\n<th class=\"pl-0 pr-5 text-left vertical-align-top\" scope=\"row\">Kalender<\/th>\n<td class=\"vertical-align-top\">Ein Fenster im Zifferblatt<\/td>\n<\/tr>\n<\/tbody>\n<\/table>\n<\/div>\n<div class=\"content-technical-data mt-15 pb-10\">\n<h3 class=\"font-weight-bold title\">Fall<\/h3>\n<table class=\"mt-10 w-100\">\n<tbody>\n<tr>\n<th class=\"pl-0 pr-5 text-left vertical-align-top\" scope=\"row\">Material des Geh\u00e4uses<\/th>\n<td class=\"vertical-align-top\">Rostfreier Stahl<\/td>\n<\/tr>\n<tr>\n<th class=\"pl-0 pr-5 text-left vertical-align-top\" scope=\"row\">R\u00fcckseitiges Geh\u00e4use<\/th>\n<td class=\"vertical-align-top\">Geschraubt<\/td>\n<\/tr>\n<tr>\n<th class=\"pl-0 pr-5 text-left vertical-align-top\" scope=\"row\">Wasserdicht<\/th>\n<td class=\"vertical-align-top\">3 Balken <span class=\"align-items-center bg-primary-yellow cursor-pointer d-flex justify-content-center ml-5 rounded-circle text-white water-resistance-description-open-popup\" tabindex=\"0\" role=\"button\" aria-label=\"price information\" data-popin-id=\"water_resistance\" data-popin-title=\"Impermeabilit\u00e0\" data-uw-rm-kbnav=\"role\">i<\/span><\/td>\n<\/tr>\n<tr>\n<th class=\"pl-0 pr-5 text-left vertical-align-top\" scope=\"row\">Krone<\/th>\n<td class=\"vertical-align-top\">Nicht verschraubt, zwei Gelenke<\/td>\n<\/tr>\n<tr>\n<th class=\"pl-0 pr-5 text-left vertical-align-top\" scope=\"row\">Glas<\/th>\n<td class=\"vertical-align-top\">Konvexes Saphirglas, beidseitig entspiegelt<\/td>\n<\/tr>\n<\/tbody>\n<\/table>\n<\/div>\n<div class=\"content-technical-data mt-15 pb-10\">\n<h3 class=\"font-weight-bold title\">Abmessungen<\/h3>\n<table class=\"mt-10 w-100\">\n<tbody>\n<tr>\n<th class=\"pl-0 pr-5 text-left vertical-align-top\" scope=\"row\">Produktgewicht (ca.)<\/th>\n<td class=\"vertical-align-top\">148,2 g<\/td>\n<\/tr>\n<tr>\n<th class=\"pl-0 pr-5 text-left vertical-align-top\" scope=\"row\">Gewicht des Uhrenkopfes (ca.)<\/th>\n<td class=\"vertical-align-top\">64,2 g.<\/td>\n<\/tr>\n<tr>\n<th class=\"pl-0 pr-5 text-left vertical-align-top\" scope=\"row\">Durchmesser<\/th>\n<td class=\"vertical-align-top\">41,0 mm<\/td>\n<\/tr>\n<tr>\n<th class=\"pl-0 pr-5 text-left vertical-align-top\" scope=\"row\">Dicke<\/th>\n<td class=\"vertical-align-top\">11,6 mm<\/td>\n<\/tr>\n<tr>\n<th class=\"pl-0 pr-5 text-left vertical-align-top\" scope=\"row\">H\u00f6he (von oberer Schleifenspitze bis untere Schleifenspitze)<\/th>\n<td class=\"vertical-align-top\">46,8 mm<\/td>\n<\/tr>\n<tr>\n<th class=\"pl-0 pr-5 text-left vertical-align-top\" scope=\"row\">Flossenbreite (Zwischenschleife)<\/th>\n<td class=\"vertical-align-top\">22,0 mm<\/td>\n<\/tr>\n<\/tbody>\n<\/table>\n<\/div>\n<div class=\"content-technical-data mt-15 pb-10\">\n<h3 class=\"font-weight-bold title\">Riemen<\/h3>\n<table class=\"mt-10 w-100\">\n<tbody>\n<tr>\n<th class=\"pl-0 pr-5 text-left vertical-align-top\" scope=\"row\">Material des Gurtes<\/th>\n<td class=\"vertical-align-top\">Rostfreier Stahl<\/td>\n<\/tr>\n<tr>\n<th class=\"pl-0 pr-5 text-left vertical-align-top\" scope=\"row\">Farbe des Armbandes<\/th>\n<td class=\"vertical-align-top\">Metall-Armband<\/td>\n<\/tr>\n<tr>\n<th class=\"pl-0 pr-5 text-left vertical-align-top\" scope=\"row\">Gurttyp<\/th>\n<td class=\"vertical-align-top\">Gerade<\/td>\n<\/tr>\n<tr>\n<th class=\"pl-0 pr-5 text-left vertical-align-top\" scope=\"row\">Abstand zwischen den Schleifen<\/th>\n<td class=\"vertical-align-top\">22\/18 mm<\/td>\n<\/tr>\n<\/tbody>\n<\/table>\n<\/div>\n","protected":false},"excerpt":{"rendered":"<p>Breitling Navitimer GMT ref. A32310211G1A1 Bewegung Kaliber Breitling 32 Bewegung Mechanisch, automatischer Aufzug, 2. Zeitzone (24H) Gangreserve Ca. 42 Stunden Abwechslung 28 800 a\/h Rubinrot 21 Rubine Kalender Ein Fenster im Zifferblatt Fall Material des Geh\u00e4uses Rostfreier Stahl R\u00fcckseitiges Geh\u00e4use Geschraubt Wasserdicht 3 Balken i Krone Nicht verschraubt, zwei Gelenke Glas Konvexes Saphirglas, beidseitig entspiegelt [&hellip;]<\/p>\n","protected":false},"featured_media":104669,"template":"","meta":{"_crdt_document":"","advanced_seo_description":"","jetpack_seo_html_title":"","jetpack_seo_noindex":false,"jetpack_post_was_ever_published":false},"product_brand":[2143],"product_cat":[2656],"product_tag":[2673],"berocket_brand":[],"woo-feed-brand":[],"class_list":{"0":"post-104673","1":"product","2":"type-product","3":"status-publish","4":"has-post-thumbnail","6":"product_brand-breitling","7":"product_cat-breitling-de","8":"product_tag-navitimer-de","10":"first","11":"instock","12":"sale","13":"taxable","14":"shipping-taxable","15":"purchasable","16":"product-type-simple"},"bundled_by":[],"bundle_stock_status":"instock","bundle_stock_quantity":1,"bundle_virtual":false,"bundle_layout":"","bundle_add_to_cart_form_location":"","bundle_editable_in_cart":false,"bundle_sold_individually_context":"","bundle_item_grouping":"","bundle_min_size":"","bundle_max_size":"","bundle_price":[],"bundled_items":[],"bundle_sell_ids":[],"group_of_quantity":0,"min_quantity":0,"max_quantity":"","exclude_order_quantity_value_rules":"no","exclude_category_quantity_rules":"no","combine_variations":"no","exclude_global_add_ons":[],"addons":[],"jetpack_sharing_enabled":true,"jetpack_likes_enabled":true,"_links":{"self":[{"href":"https:\/\/watchdeluxe.it\/de\/wp-json\/wp\/v2\/product\/104673","targetHints":{"allow":["GET"]}}],"collection":[{"href":"https:\/\/watchdeluxe.it\/de\/wp-json\/wp\/v2\/product"}],"about":[{"href":"https:\/\/watchdeluxe.it\/de\/wp-json\/wp\/v2\/types\/product"}],"wp:featuredmedia":[{"embeddable":true,"href":"https:\/\/watchdeluxe.it\/de\/wp-json\/wp\/v2\/media\/104669"}],"wp:attachment":[{"href":"https:\/\/watchdeluxe.it\/de\/wp-json\/wp\/v2\/media?parent=104673"}],"wp:term":[{"taxonomy":"product_brand","embeddable":true,"href":"https:\/\/watchdeluxe.it\/de\/wp-json\/wp\/v2\/product_brand?post=104673"},{"taxonomy":"product_cat","embeddable":true,"href":"https:\/\/watchdeluxe.it\/de\/wp-json\/wp\/v2\/product_cat?post=104673"},{"taxonomy":"product_tag","embeddable":true,"href":"https:\/\/watchdeluxe.it\/de\/wp-json\/wp\/v2\/product_tag?post=104673"},{"taxonomy":"berocket_brand","embeddable":true,"href":"https:\/\/watchdeluxe.it\/de\/wp-json\/wp\/v2\/berocket_brand?post=104673"},{"taxonomy":"woo-feed-brand","embeddable":true,"href":"https:\/\/watchdeluxe.it\/de\/wp-json\/wp\/v2\/woo-feed-brand?post=104673"}],"curies":[{"name":"wp","href":"https:\/\/api.w.org\/{rel}","templated":true}]}}