{"id":104601,"date":"2024-06-19T14:52:17","date_gmt":"2024-06-19T12:52:17","guid":{"rendered":"https:\/\/watchdeluxe.it\/prodotto\/baume-mercier-riviera-33-mm-ref-m0a10765\/"},"modified":"2026-04-13T11:55:03","modified_gmt":"2026-04-13T09:55:03","slug":"baume-mercier-riviera-33-mm-ref-m0a10765","status":"publish","type":"product","link":"https:\/\/watchdeluxe.it\/de\/prodotto\/baume-mercier-riviera-33-mm-ref-m0a10765\/","title":{"rendered":"Baume &amp; Mercier Riviera 33 mm Ref. M0A10765"},"content":{"rendered":"<p>Baume &amp; Mercier Riviera 33 mm Ref. M0A10765<\/p>\n<p>FormForm<br \/>\nGr\u00f6\u00dfe33 mm<br \/>\nGeh\u00e4usematerialEdelstahl und Diamanten<br \/>\nWasserdichtigkeit50 m<\/p>\n<p>Bewegung<\/p>\n<p>WerkQuarz<\/p>\n<p>Funktionen<\/p>\n<p>KomplikationNur Zeit<br \/>\nDatumsanzeigeDatum<\/p>\n<p>W\u00e4hlen Sie<\/p>\n<p>ZifferblattBlau<\/p>\n<p>Armb\u00e4nder<\/p>\n<p>ArmbandStahl<\/p>\n","protected":false},"excerpt":{"rendered":"<p>Baume &amp; Mercier Riviera 33 mm Ref. M0A10765 FormForm Gr\u00f6\u00dfe33 mm Geh\u00e4usematerialEdelstahl und Diamanten Wasserdichtigkeit50 m Bewegung WerkQuarz Funktionen KomplikationNur Zeit DatumsanzeigeDatum W\u00e4hlen Sie ZifferblattBlau Armb\u00e4nder ArmbandStahl<\/p>\n","protected":false},"featured_media":168773,"template":"","meta":{"_crdt_document":"","advanced_seo_description":"","jetpack_seo_html_title":"","jetpack_seo_noindex":false},"product_brand":[],"product_cat":[2610],"product_tag":[2612],"berocket_brand":[],"woo-feed-brand":[],"class_list":{"0":"post-104601","1":"product","2":"type-product","3":"status-publish","4":"has-post-thumbnail","6":"product_cat-baume-mercier-de","7":"product_tag-riviera-de","9":"first","10":"instock","11":"sale","12":"taxable","13":"shipping-taxable","14":"purchasable","15":"product-type-simple"},"bundled_by":[],"bundle_stock_status":"instock","bundle_stock_quantity":1,"bundle_virtual":false,"bundle_layout":"","bundle_add_to_cart_form_location":"","bundle_editable_in_cart":false,"bundle_sold_individually_context":"","bundle_item_grouping":"","bundle_min_size":"","bundle_max_size":"","bundle_price":[],"bundled_items":[],"bundle_sell_ids":[],"group_of_quantity":0,"min_quantity":0,"max_quantity":"","exclude_order_quantity_value_rules":"no","exclude_category_quantity_rules":"no","combine_variations":"no","jetpack_sharing_enabled":true,"jetpack_likes_enabled":true,"_links":{"self":[{"href":"https:\/\/watchdeluxe.it\/de\/wp-json\/wp\/v2\/product\/104601","targetHints":{"allow":["GET"]}}],"collection":[{"href":"https:\/\/watchdeluxe.it\/de\/wp-json\/wp\/v2\/product"}],"about":[{"href":"https:\/\/watchdeluxe.it\/de\/wp-json\/wp\/v2\/types\/product"}],"wp:featuredmedia":[{"embeddable":true,"href":"https:\/\/watchdeluxe.it\/de\/wp-json\/wp\/v2\/media\/168773"}],"wp:attachment":[{"href":"https:\/\/watchdeluxe.it\/de\/wp-json\/wp\/v2\/media?parent=104601"}],"wp:term":[{"taxonomy":"product_brand","embeddable":true,"href":"https:\/\/watchdeluxe.it\/de\/wp-json\/wp\/v2\/product_brand?post=104601"},{"taxonomy":"product_cat","embeddable":true,"href":"https:\/\/watchdeluxe.it\/de\/wp-json\/wp\/v2\/product_cat?post=104601"},{"taxonomy":"product_tag","embeddable":true,"href":"https:\/\/watchdeluxe.it\/de\/wp-json\/wp\/v2\/product_tag?post=104601"},{"taxonomy":"berocket_brand","embeddable":true,"href":"https:\/\/watchdeluxe.it\/de\/wp-json\/wp\/v2\/berocket_brand?post=104601"},{"taxonomy":"woo-feed-brand","embeddable":true,"href":"https:\/\/watchdeluxe.it\/de\/wp-json\/wp\/v2\/woo-feed-brand?post=104601"}],"curies":[{"name":"wp","href":"https:\/\/api.w.org\/{rel}","templated":true}]}}