{"id":104322,"date":"2024-06-12T15:45:28","date_gmt":"2024-06-12T13:45:28","guid":{"rendered":"https:\/\/watchdeluxe.it\/prodotto\/montblanc-brieftasche-4810-gruen-mit-8-faechern-ref-198191\/"},"modified":"2024-06-12T15:45:28","modified_gmt":"2024-06-12T13:45:28","slug":"montblanc-brieftasche-4810-gruen-mit-8-faechern-ref-198191","status":"publish","type":"product","link":"https:\/\/watchdeluxe.it\/de\/prodotto\/montblanc-brieftasche-4810-gruen-mit-8-faechern-ref-198191\/","title":{"rendered":"Montblanc Brieftasche 4810 Gr\u00fcn mit 8 F\u00e4chern Ref. 198191"},"content":{"rendered":"<p>Montblanc Brieftasche 4810 Gr\u00fcn mit 8 F\u00e4chern Ref. 198191<\/p>\n<p>Sie ist aus hochwertigem Leder gefertigt und verf\u00fcgt \u00fcber zwei F\u00e4cher f\u00fcr Geldscheine sowie zwei zus\u00e4tzliche Taschen f\u00fcr andere Kleinigkeiten.<\/p>\n<p>Das Montblanc Emblem verleiht dem \u00c4u\u00dferen eine besondere Note.<\/p>\n<p>Ma\u00dfe: 115 x 10 x 95 mm Leder, Farbe: Zinn.<\/p>\n","protected":false},"excerpt":{"rendered":"<p>Montblanc Brieftasche 4810 Gr\u00fcn mit 8 F\u00e4chern Ref. 198191 Sie ist aus hochwertigem Leder gefertigt und verf\u00fcgt \u00fcber zwei F\u00e4cher f\u00fcr Geldscheine sowie zwei zus\u00e4tzliche Taschen f\u00fcr andere Kleinigkeiten. Das Montblanc Emblem verleiht dem \u00c4u\u00dferen eine besondere Note. Ma\u00dfe: 115 x 10 x 95 mm Leder, Farbe: Zinn.<\/p>\n","protected":false},"featured_media":104319,"template":"","meta":{"_crdt_document":"","advanced_seo_description":"","jetpack_seo_html_title":"","jetpack_seo_noindex":false},"product_brand":[],"product_cat":[2250],"product_tag":[2346],"berocket_brand":[],"woo-feed-brand":[],"class_list":{"0":"post-104322","1":"product","2":"type-product","3":"status-publish","4":"has-post-thumbnail","6":"product_cat-montblanc-de","7":"product_tag-brieftasche","9":"first","10":"instock","11":"sale","12":"taxable","13":"shipping-taxable","14":"purchasable","15":"product-type-simple"},"bundled_by":[],"bundle_stock_status":"instock","bundle_stock_quantity":1,"bundle_virtual":false,"bundle_layout":"","bundle_add_to_cart_form_location":"","bundle_editable_in_cart":false,"bundle_sold_individually_context":"","bundle_item_grouping":"","bundle_min_size":"","bundle_max_size":"","bundle_price":[],"bundled_items":[],"bundle_sell_ids":[],"group_of_quantity":0,"min_quantity":0,"max_quantity":"","exclude_order_quantity_value_rules":"no","exclude_category_quantity_rules":"no","combine_variations":"no","jetpack_sharing_enabled":true,"jetpack_likes_enabled":true,"_links":{"self":[{"href":"https:\/\/watchdeluxe.it\/de\/wp-json\/wp\/v2\/product\/104322","targetHints":{"allow":["GET"]}}],"collection":[{"href":"https:\/\/watchdeluxe.it\/de\/wp-json\/wp\/v2\/product"}],"about":[{"href":"https:\/\/watchdeluxe.it\/de\/wp-json\/wp\/v2\/types\/product"}],"wp:featuredmedia":[{"embeddable":true,"href":"https:\/\/watchdeluxe.it\/de\/wp-json\/wp\/v2\/media\/104319"}],"wp:attachment":[{"href":"https:\/\/watchdeluxe.it\/de\/wp-json\/wp\/v2\/media?parent=104322"}],"wp:term":[{"taxonomy":"product_brand","embeddable":true,"href":"https:\/\/watchdeluxe.it\/de\/wp-json\/wp\/v2\/product_brand?post=104322"},{"taxonomy":"product_cat","embeddable":true,"href":"https:\/\/watchdeluxe.it\/de\/wp-json\/wp\/v2\/product_cat?post=104322"},{"taxonomy":"product_tag","embeddable":true,"href":"https:\/\/watchdeluxe.it\/de\/wp-json\/wp\/v2\/product_tag?post=104322"},{"taxonomy":"berocket_brand","embeddable":true,"href":"https:\/\/watchdeluxe.it\/de\/wp-json\/wp\/v2\/berocket_brand?post=104322"},{"taxonomy":"woo-feed-brand","embeddable":true,"href":"https:\/\/watchdeluxe.it\/de\/wp-json\/wp\/v2\/woo-feed-brand?post=104322"}],"curies":[{"name":"wp","href":"https:\/\/api.w.org\/{rel}","templated":true}]}}