{"id":103346,"date":"2024-05-31T16:02:28","date_gmt":"2024-05-31T14:02:28","guid":{"rendered":"https:\/\/watchdeluxe.it\/prodotto\/bell-ross-br-03-92-diver-schwarz-und-gruen-bronze-ref-br03a-cps-ce-srb\/"},"modified":"2026-04-13T11:57:12","modified_gmt":"2026-04-13T09:57:12","slug":"bell-ross-br-03-92-diver-schwarz-und-gruen-bronze-ref-br03a-cps-ce-srb","status":"publish","type":"product","link":"https:\/\/watchdeluxe.it\/de\/prodotto\/bell-ross-br-03-92-diver-schwarz-und-gruen-bronze-ref-br03a-cps-ce-srb\/","title":{"rendered":"Bell &amp; Ross BR 03-92 Diver schwarz und gr\u00fcn, Bronze Ref. BR0392-D-LT-BR\/SRB"},"content":{"rendered":"<p>Bell &amp; Ross BR 03-92 Diver schwarz und gr\u00fcn, Bronze Ref. BR0392-D-LT-BR\/SRB<\/p>\n<table style=\"height: 23px;\" width=\"96\">\n<tbody>\n<tr>\n<td width=\"137\"><\/td>\n<\/tr>\n<\/tbody>\n<\/table>\n<table width=\"137\">\n<tbody>\n<tr>\n<td width=\"137\"><\/td>\n<\/tr>\n<\/tbody>\n<\/table>\n<ul class=\"spec-list\">\n<li>\n<div class=\"spec-box\">\n<div class=\"spec-box-in\">\n<h4>BEWEGUNG<\/h4>\n<p>Kaliber BR-CAL.302. Automatisch mechanisch. 54 Stunden Gangreserve. Funktionen: Stunden, Minuten, Sekunden und Datum.<\/p>\n<\/div>\n<\/div>\n<\/li>\n<li>\n<div class=\"spec-box\">\n<div class=\"spec-box-in\">\n<h4>FUNKTIONEN<\/h4>\n<p>Stunden, Minuten, Sekunden und Datum.<\/p>\n<\/div>\n<\/div>\n<\/li>\n<li>\n<div class=\"spec-box\">\n<div class=\"spec-box-in\">\n<h4>CASH<\/h4>\n<p>42 mm breit. CUSN8 Bronze poliert-satiniert. Einseitig drehbare, abgestufte 60-Minuten-L\u00fcnette aus massiver Bronze mit schwarz eloxiertem Aluminiumring und Bilight\u00ae-Punkten. Verschraubte Krone. Kronenabdeckung. Stahlr\u00fccken.<\/p>\n<\/div>\n<\/div>\n<\/li>\n<li>\n<div class=\"spec-box\">\n<div class=\"spec-box-in\">\n<h4>QUADRANT<\/h4>\n<p>Gr\u00fcn. Schwarze &#8216;Baignoire&#8217;-Zeiger, gef\u00fcllt mit wei\u00dfem Super-LumiNova\u00ae. Gl\u00e4nzend schwarze, skelettierte Stunden- und Minutenzeiger mit wei\u00dfer Super LumiNova\u00ae (gr\u00fcne Emission).<\/p>\n<\/div>\n<\/div>\n<\/li>\n<li>\n<div class=\"spec-box\">\n<div class=\"spec-box-in\">\n<h4>GLAS<\/h4>\n<p>Entspiegeltes Saphirglas.<\/p>\n<\/div>\n<\/div>\n<\/li>\n<li>\n<div class=\"spec-box\">\n<div class=\"spec-box-in\">\n<h4>Wasserdicht<\/h4>\n<p>300 Meter.<\/p>\n<\/div>\n<\/div>\n<\/li>\n<li>\n<div class=\"spec-box\">\n<div class=\"spec-box-in\">\n<h4>BELT<\/h4>\n<p>Extrem widerstandsf\u00e4higes schwarzes Gummi und synthetisches Segeltuch.<\/p>\n<\/div>\n<\/div>\n<\/li>\n<li>\n<div class=\"spec-box\">\n<div class=\"spec-box-in\">\n<h4>BUCKLE<\/h4>\n<\/div>\n<\/div>\n<\/li>\n<\/ul>\n","protected":false},"excerpt":{"rendered":"<p>Bell &amp; Ross BR 03-92 Diver schwarz und gr\u00fcn, Bronze Ref. BR0392-D-LT-BR\/SRB BEWEGUNG Kaliber BR-CAL.302. Automatisch mechanisch. 54 Stunden Gangreserve. Funktionen: Stunden, Minuten, Sekunden und Datum. FUNKTIONEN Stunden, Minuten, Sekunden und Datum. CASH 42 mm breit. CUSN8 Bronze poliert-satiniert. Einseitig drehbare, abgestufte 60-Minuten-L\u00fcnette aus massiver Bronze mit schwarz eloxiertem Aluminiumring und Bilight\u00ae-Punkten. Verschraubte Krone. Kronenabdeckung. [&hellip;]<\/p>\n","protected":false},"featured_media":103341,"template":"","meta":{"_crdt_document":"","advanced_seo_description":"","jetpack_seo_html_title":"","jetpack_seo_noindex":false},"product_brand":[],"product_cat":[2525],"product_tag":[2533],"berocket_brand":[],"woo-feed-brand":[],"class_list":{"0":"post-103346","1":"product","2":"type-product","3":"status-publish","4":"has-post-thumbnail","6":"product_cat-bell-ross-de","7":"product_tag-br03-de","9":"first","10":"instock","11":"sale","12":"taxable","13":"shipping-taxable","14":"purchasable","15":"product-type-simple"},"bundled_by":[],"bundle_stock_status":"instock","bundle_stock_quantity":1,"bundle_virtual":false,"bundle_layout":"","bundle_add_to_cart_form_location":"","bundle_editable_in_cart":false,"bundle_sold_individually_context":"","bundle_item_grouping":"","bundle_min_size":"","bundle_max_size":"","bundle_price":[],"bundled_items":[],"bundle_sell_ids":[],"group_of_quantity":0,"min_quantity":0,"max_quantity":"","exclude_order_quantity_value_rules":"no","exclude_category_quantity_rules":"no","combine_variations":"no","exclude_global_add_ons":[],"addons":[],"jetpack_sharing_enabled":true,"jetpack_likes_enabled":true,"_links":{"self":[{"href":"https:\/\/watchdeluxe.it\/de\/wp-json\/wp\/v2\/product\/103346","targetHints":{"allow":["GET"]}}],"collection":[{"href":"https:\/\/watchdeluxe.it\/de\/wp-json\/wp\/v2\/product"}],"about":[{"href":"https:\/\/watchdeluxe.it\/de\/wp-json\/wp\/v2\/types\/product"}],"wp:featuredmedia":[{"embeddable":true,"href":"https:\/\/watchdeluxe.it\/de\/wp-json\/wp\/v2\/media\/103341"}],"wp:attachment":[{"href":"https:\/\/watchdeluxe.it\/de\/wp-json\/wp\/v2\/media?parent=103346"}],"wp:term":[{"taxonomy":"product_brand","embeddable":true,"href":"https:\/\/watchdeluxe.it\/de\/wp-json\/wp\/v2\/product_brand?post=103346"},{"taxonomy":"product_cat","embeddable":true,"href":"https:\/\/watchdeluxe.it\/de\/wp-json\/wp\/v2\/product_cat?post=103346"},{"taxonomy":"product_tag","embeddable":true,"href":"https:\/\/watchdeluxe.it\/de\/wp-json\/wp\/v2\/product_tag?post=103346"},{"taxonomy":"berocket_brand","embeddable":true,"href":"https:\/\/watchdeluxe.it\/de\/wp-json\/wp\/v2\/berocket_brand?post=103346"},{"taxonomy":"woo-feed-brand","embeddable":true,"href":"https:\/\/watchdeluxe.it\/de\/wp-json\/wp\/v2\/woo-feed-brand?post=103346"}],"curies":[{"name":"wp","href":"https:\/\/api.w.org\/{rel}","templated":true}]}}