{"id":103333,"date":"2024-05-31T15:45:37","date_gmt":"2024-05-31T13:45:37","guid":{"rendered":"https:\/\/watchdeluxe.it\/prodotto\/baume-mercier-hampton-lady-ref-m0a10760\/"},"modified":"2026-04-13T11:55:05","modified_gmt":"2026-04-13T09:55:05","slug":"baume-mercier-hampton-lady-ref-m0a10760","status":"publish","type":"product","link":"https:\/\/watchdeluxe.it\/de\/prodotto\/baume-mercier-hampton-lady-ref-m0a10760\/","title":{"rendered":"Baume &amp; Mercier Hampton Lady Ref. M0A10760"},"content":{"rendered":"<p>Fall<\/p>\n<p>FormFORM<br \/>\nGr\u00f6\u00dfe35 x 22 mm<br \/>\nGeh\u00e4usematerialEdelstahl<br \/>\nWasserdichtigkeit50 m<\/p>\n<p>Bewegung<\/p>\n<p>UhrwerkQUARZ<\/p>\n<p>Funktionen<\/p>\n<p>KomplikationNUR ZEIT<\/p>\n<p>W\u00e4hlen Sie<\/p>\n<p>ZifferblattSCHWARZ<\/p>\n<p>Armb\u00e4nder<\/p>\n<p>ArmbandKALBSLEDER<\/p>\n","protected":false},"excerpt":{"rendered":"<p>Fall FormFORM Gr\u00f6\u00dfe35 x 22 mm Geh\u00e4usematerialEdelstahl Wasserdichtigkeit50 m Bewegung UhrwerkQUARZ Funktionen KomplikationNUR ZEIT W\u00e4hlen Sie ZifferblattSCHWARZ Armb\u00e4nder ArmbandKALBSLEDER<\/p>\n","protected":false},"featured_media":168791,"template":"","meta":{"_crdt_document":"","advanced_seo_description":"","jetpack_seo_html_title":"","jetpack_seo_noindex":false},"product_brand":[],"product_cat":[2610],"product_tag":[4561],"berocket_brand":[],"woo-feed-brand":[],"class_list":{"0":"post-103333","1":"product","2":"type-product","3":"status-publish","4":"has-post-thumbnail","6":"product_cat-baume-mercier-de","7":"product_tag-hampton-de-3","9":"first","10":"instock","11":"sale","12":"taxable","13":"shipping-taxable","14":"purchasable","15":"product-type-simple"},"bundled_by":[],"bundle_stock_status":"instock","bundle_stock_quantity":1,"bundle_virtual":false,"bundle_layout":"","bundle_add_to_cart_form_location":"","bundle_editable_in_cart":false,"bundle_sold_individually_context":"","bundle_item_grouping":"","bundle_min_size":"","bundle_max_size":"","bundle_price":[],"bundled_items":[],"bundle_sell_ids":[],"group_of_quantity":0,"min_quantity":0,"max_quantity":"","exclude_order_quantity_value_rules":"no","exclude_category_quantity_rules":"no","combine_variations":"no","jetpack_sharing_enabled":true,"jetpack_likes_enabled":true,"_links":{"self":[{"href":"https:\/\/watchdeluxe.it\/de\/wp-json\/wp\/v2\/product\/103333","targetHints":{"allow":["GET"]}}],"collection":[{"href":"https:\/\/watchdeluxe.it\/de\/wp-json\/wp\/v2\/product"}],"about":[{"href":"https:\/\/watchdeluxe.it\/de\/wp-json\/wp\/v2\/types\/product"}],"wp:featuredmedia":[{"embeddable":true,"href":"https:\/\/watchdeluxe.it\/de\/wp-json\/wp\/v2\/media\/168791"}],"wp:attachment":[{"href":"https:\/\/watchdeluxe.it\/de\/wp-json\/wp\/v2\/media?parent=103333"}],"wp:term":[{"taxonomy":"product_brand","embeddable":true,"href":"https:\/\/watchdeluxe.it\/de\/wp-json\/wp\/v2\/product_brand?post=103333"},{"taxonomy":"product_cat","embeddable":true,"href":"https:\/\/watchdeluxe.it\/de\/wp-json\/wp\/v2\/product_cat?post=103333"},{"taxonomy":"product_tag","embeddable":true,"href":"https:\/\/watchdeluxe.it\/de\/wp-json\/wp\/v2\/product_tag?post=103333"},{"taxonomy":"berocket_brand","embeddable":true,"href":"https:\/\/watchdeluxe.it\/de\/wp-json\/wp\/v2\/berocket_brand?post=103333"},{"taxonomy":"woo-feed-brand","embeddable":true,"href":"https:\/\/watchdeluxe.it\/de\/wp-json\/wp\/v2\/woo-feed-brand?post=103333"}],"curies":[{"name":"wp","href":"https:\/\/api.w.org\/{rel}","templated":true}]}}