{"id":103297,"date":"2024-05-31T15:23:00","date_gmt":"2024-05-31T13:23:00","guid":{"rendered":"https:\/\/watchdeluxe.it\/prodotto\/baume-mercier-classima-ref-m0a10766\/"},"modified":"2026-04-13T11:55:14","modified_gmt":"2026-04-13T09:55:14","slug":"baume-mercier-classima-ref-m0a10766","status":"publish","type":"product","link":"https:\/\/watchdeluxe.it\/de\/prodotto\/baume-mercier-classima-ref-m0a10766\/","title":{"rendered":"Baume &amp; Mercier Classima ref. M0A10766"},"content":{"rendered":"<p>Baume &amp; Mercier Classima ref. M0A10766<\/p>\n<p><b>Uhrwerk:<\/b> Quarz<br \/>\n<b>Zifferblatt:<\/b> Gr\u00fcn<br \/>\n<b>Indikatoren:<\/b> R\u00f6mische Ziffern und Indizes<br \/>\n<b>Geh\u00e4use:<\/b> Stahl-ADLC, sandgestrahlt<br \/>\n<b>Gr\u00f6\u00dfe:<\/b> 42 mm<br \/>\n<b>Armband\/Riemen:<\/b> Holland &amp; Sherry gr\u00fcner Stoff<br \/>\n<b>Wasserdichtigkeit:<\/b> 50 Meter<br \/>\n<b>Glas:<\/b> Saphir<br \/>\n<b>Gew\u00e4hrleistungsfrist:<\/b> 2 Jahre<\/p>\n","protected":false},"excerpt":{"rendered":"<p>Baume &amp; Mercier Classima ref. M0A10766 Uhrwerk: Quarz Zifferblatt: Gr\u00fcn Indikatoren: R\u00f6mische Ziffern und Indizes Geh\u00e4use: Stahl-ADLC, sandgestrahlt Gr\u00f6\u00dfe: 42 mm Armband\/Riemen: Holland &amp; Sherry gr\u00fcner Stoff Wasserdichtigkeit: 50 Meter Glas: Saphir Gew\u00e4hrleistungsfrist: 2 Jahre<\/p>\n","protected":false},"featured_media":103291,"template":"","meta":{"_crdt_document":"","advanced_seo_description":"","jetpack_seo_html_title":"","jetpack_seo_noindex":false},"product_brand":[],"product_cat":[2610],"product_tag":[2617],"berocket_brand":[],"woo-feed-brand":[],"class_list":{"0":"post-103297","1":"product","2":"type-product","3":"status-publish","4":"has-post-thumbnail","6":"product_cat-baume-mercier-de","7":"product_tag-classima-de","9":"first","10":"instock","11":"sale","12":"taxable","13":"shipping-taxable","14":"purchasable","15":"product-type-simple"},"bundled_by":[],"bundle_stock_status":"instock","bundle_stock_quantity":1,"bundle_virtual":false,"bundle_layout":"","bundle_add_to_cart_form_location":"","bundle_editable_in_cart":false,"bundle_sold_individually_context":"","bundle_item_grouping":"","bundle_min_size":"","bundle_max_size":"","bundle_price":[],"bundled_items":[],"bundle_sell_ids":[],"group_of_quantity":0,"min_quantity":0,"max_quantity":"","exclude_order_quantity_value_rules":"no","exclude_category_quantity_rules":"no","combine_variations":"no","jetpack_sharing_enabled":true,"jetpack_likes_enabled":true,"_links":{"self":[{"href":"https:\/\/watchdeluxe.it\/de\/wp-json\/wp\/v2\/product\/103297","targetHints":{"allow":["GET"]}}],"collection":[{"href":"https:\/\/watchdeluxe.it\/de\/wp-json\/wp\/v2\/product"}],"about":[{"href":"https:\/\/watchdeluxe.it\/de\/wp-json\/wp\/v2\/types\/product"}],"wp:featuredmedia":[{"embeddable":true,"href":"https:\/\/watchdeluxe.it\/de\/wp-json\/wp\/v2\/media\/103291"}],"wp:attachment":[{"href":"https:\/\/watchdeluxe.it\/de\/wp-json\/wp\/v2\/media?parent=103297"}],"wp:term":[{"taxonomy":"product_brand","embeddable":true,"href":"https:\/\/watchdeluxe.it\/de\/wp-json\/wp\/v2\/product_brand?post=103297"},{"taxonomy":"product_cat","embeddable":true,"href":"https:\/\/watchdeluxe.it\/de\/wp-json\/wp\/v2\/product_cat?post=103297"},{"taxonomy":"product_tag","embeddable":true,"href":"https:\/\/watchdeluxe.it\/de\/wp-json\/wp\/v2\/product_tag?post=103297"},{"taxonomy":"berocket_brand","embeddable":true,"href":"https:\/\/watchdeluxe.it\/de\/wp-json\/wp\/v2\/berocket_brand?post=103297"},{"taxonomy":"woo-feed-brand","embeddable":true,"href":"https:\/\/watchdeluxe.it\/de\/wp-json\/wp\/v2\/woo-feed-brand?post=103297"}],"curies":[{"name":"wp","href":"https:\/\/api.w.org\/{rel}","templated":true}]}}