{"id":102527,"date":"2024-05-14T16:29:25","date_gmt":"2024-05-14T14:29:25","guid":{"rendered":"https:\/\/watchdeluxe.it\/prodotto\/baume-mercier-riviera-ref-m0a10721\/"},"modified":"2026-04-13T11:55:16","modified_gmt":"2026-04-13T09:55:16","slug":"baume-mercier-riviera-ref-m0a10721","status":"publish","type":"product","link":"https:\/\/watchdeluxe.it\/de\/prodotto\/baume-mercier-riviera-ref-m0a10721\/","title":{"rendered":"Baume &amp; Mercier Riviera ref. M0A10721"},"content":{"rendered":"<p>Baume &amp; Mercier Riviera ref. M0A10721<\/p>\n<p><strong>Uhrwerk<\/strong>: Kaliber &#8216;Swiss Made&#8217; mit automatischem Aufzug<br \/>\n<strong>Funktion<\/strong>: nur Zeit, Frequenz\/Alternationen 28800.0vph\/4.0hz, 38 Stunden Gangreserve<br \/>\n<strong>Geh\u00e4usematerial<\/strong>: Edelstahl mit poliertem und satiniertem Finish, Edelstahll\u00fcnette mit vier Mikro-ADLC-Stahlschrauben befestigt, beidseitig entspiegeltes Saphirglas und Geh\u00e4useboden<br \/>\n<strong>Form, Durchmesser und Geh\u00e4usedicke<\/strong>: zw\u00f6lfeckig, 42,0 mm x 11,11 mm<br \/>\n<strong>Zifferblatt<\/strong>: Skelett mit schwarzen und satinierten Elementen, dreieckige Zeiger mit Superluminova Phos beschichtet<br \/>\n<strong>Armband<\/strong>: schwarzes Gummi mit &#8216;Segeleffekt&#8217;, Dreifach-Faltschlie\u00dfe mit Sicherheitsverschluss aus Edelstahl<br \/>\n<strong>Wasserdichtigkeit<\/strong>: 10 ATM (ca. 100 m)<\/p>\n","protected":false},"excerpt":{"rendered":"<p>Baume &amp; Mercier Riviera ref. M0A10721 Uhrwerk: Kaliber &#8216;Swiss Made&#8217; mit automatischem Aufzug Funktion: nur Zeit, Frequenz\/Alternationen 28800.0vph\/4.0hz, 38 Stunden Gangreserve Geh\u00e4usematerial: Edelstahl mit poliertem und satiniertem Finish, Edelstahll\u00fcnette mit vier Mikro-ADLC-Stahlschrauben befestigt, beidseitig entspiegeltes Saphirglas und Geh\u00e4useboden Form, Durchmesser und Geh\u00e4usedicke: zw\u00f6lfeckig, 42,0 mm x 11,11 mm Zifferblatt: Skelett mit schwarzen und satinierten Elementen, [&hellip;]<\/p>\n","protected":false},"featured_media":102522,"template":"","meta":{"_crdt_document":"","advanced_seo_description":"","jetpack_seo_html_title":"","jetpack_seo_noindex":false},"product_brand":[],"product_cat":[2610],"product_tag":[2612],"berocket_brand":[],"woo-feed-brand":[],"class_list":{"0":"post-102527","1":"product","2":"type-product","3":"status-publish","4":"has-post-thumbnail","6":"product_cat-baume-mercier-de","7":"product_tag-riviera-de","9":"first","10":"instock","11":"sale","12":"taxable","13":"shipping-taxable","14":"purchasable","15":"product-type-simple"},"bundled_by":[],"bundle_stock_status":"instock","bundle_stock_quantity":1,"bundle_virtual":false,"bundle_layout":"","bundle_add_to_cart_form_location":"","bundle_editable_in_cart":false,"bundle_sold_individually_context":"","bundle_item_grouping":"","bundle_min_size":"","bundle_max_size":"","bundle_price":[],"bundled_items":[],"bundle_sell_ids":[],"group_of_quantity":0,"min_quantity":0,"max_quantity":"","exclude_order_quantity_value_rules":"no","exclude_category_quantity_rules":"no","combine_variations":"no","jetpack_sharing_enabled":true,"jetpack_likes_enabled":true,"_links":{"self":[{"href":"https:\/\/watchdeluxe.it\/de\/wp-json\/wp\/v2\/product\/102527","targetHints":{"allow":["GET"]}}],"collection":[{"href":"https:\/\/watchdeluxe.it\/de\/wp-json\/wp\/v2\/product"}],"about":[{"href":"https:\/\/watchdeluxe.it\/de\/wp-json\/wp\/v2\/types\/product"}],"wp:featuredmedia":[{"embeddable":true,"href":"https:\/\/watchdeluxe.it\/de\/wp-json\/wp\/v2\/media\/102522"}],"wp:attachment":[{"href":"https:\/\/watchdeluxe.it\/de\/wp-json\/wp\/v2\/media?parent=102527"}],"wp:term":[{"taxonomy":"product_brand","embeddable":true,"href":"https:\/\/watchdeluxe.it\/de\/wp-json\/wp\/v2\/product_brand?post=102527"},{"taxonomy":"product_cat","embeddable":true,"href":"https:\/\/watchdeluxe.it\/de\/wp-json\/wp\/v2\/product_cat?post=102527"},{"taxonomy":"product_tag","embeddable":true,"href":"https:\/\/watchdeluxe.it\/de\/wp-json\/wp\/v2\/product_tag?post=102527"},{"taxonomy":"berocket_brand","embeddable":true,"href":"https:\/\/watchdeluxe.it\/de\/wp-json\/wp\/v2\/berocket_brand?post=102527"},{"taxonomy":"woo-feed-brand","embeddable":true,"href":"https:\/\/watchdeluxe.it\/de\/wp-json\/wp\/v2\/woo-feed-brand?post=102527"}],"curies":[{"name":"wp","href":"https:\/\/api.w.org\/{rel}","templated":true}]}}