{"id":101070,"date":"2024-04-19T16:43:26","date_gmt":"2024-04-19T14:43:26","guid":{"rendered":"https:\/\/watchdeluxe.it\/prodotto\/hublot-classic-fusion-king-gold-blau-ref-581-ox-7180-lr\/"},"modified":"2026-04-13T12:14:42","modified_gmt":"2026-04-13T10:14:42","slug":"hublot-classic-fusion-king-gold-blau-ref-581-ox-7180-lr","status":"publish","type":"product","link":"https:\/\/watchdeluxe.it\/de\/prodotto\/hublot-classic-fusion-king-gold-blau-ref-581-ox-7180-lr\/","title":{"rendered":"Hublot Classic Fusion King Gold blau Ref. 581.OX.7180.LR"},"content":{"rendered":"<p>Hublot Classic Fusion King Gold blau Ref. 581.OX.7180.LR<\/p>\n<div class=\"row\">\n<div class=\"col-5 col-lg-4\">Sammlung<\/div>\n<div class=\"col-7 col-lg-8\">CLASSIC FUSION<\/div>\n<\/div>\n<div class=\"row\">\n<div class=\"col-5 col-lg-4\">Typ<\/div>\n<div class=\"col-7 col-lg-8\">NUR ZEIT<\/div>\n<\/div>\n<div class=\"row\">\n<div class=\"col-5 col-lg-4\">Bewegung<\/div>\n<div class=\"col-7 col-lg-8\">Quarz<\/div>\n<\/div>\n<div class=\"row\">\n<div class=\"col-5 col-lg-4\">Abmessungen des Geh\u00e4uses<\/div>\n<div class=\"col-7 col-lg-8\">\u00d8 33 MM<\/div>\n<\/div>\n<div class=\"row\">\n<div class=\"col-5 col-lg-4\">Material<\/div>\n<div class=\"col-7 col-lg-8\">K\u00f6nig Gold<\/div>\n<\/div>\n<div class=\"row\">\n<div class=\"col-5 col-lg-4\">Riemen<\/div>\n<div class=\"col-7 col-lg-8\">Gummi\/Leder<\/div>\n<\/div>\n<div class=\"row\">\n<div class=\"col-5 col-lg-4\">Wasserdicht<\/div>\n<div class=\"col-7 col-lg-8\">5 ATM<\/div>\n<\/div>\n<div class=\"row\">\n<div class=\"col-5 col-lg-4\">W\u00e4hlen Sie<\/div>\n<div class=\"col-7 col-lg-8\">blau<\/div>\n<\/div>\n<div class=\"row\">\n<div class=\"col-5 col-lg-4\">Glas<\/div>\n<div class=\"col-7 col-lg-8\">SAPPHIRE<\/div>\n<\/div>\n<div class=\"row\">\n<div class=\"col-5 col-lg-4\">Schlie\u00dfen<\/div>\n<div class=\"col-7 col-lg-8\">DEPLOYANT<\/div>\n<\/div>\n<div class=\"row\">\n<div class=\"col-5 col-lg-4\">Code<\/div>\n<div class=\"col-7 col-lg-8\">581.OX.7180.RX<\/div>\n<\/div>\n","protected":false},"excerpt":{"rendered":"<p>Hublot Classic Fusion King Gold blau Ref. 581.OX.7180.LR Sammlung CLASSIC FUSION Typ NUR ZEIT Bewegung Quarz Abmessungen des Geh\u00e4uses \u00d8 33 MM Material K\u00f6nig Gold Riemen Gummi\/Leder Wasserdicht 5 ATM W\u00e4hlen Sie blau Glas SAPPHIRE Schlie\u00dfen DEPLOYANT Code 581.OX.7180.RX<\/p>\n","protected":false},"featured_media":101064,"template":"","meta":{"_crdt_document":"","advanced_seo_description":"","jetpack_seo_html_title":"","jetpack_seo_noindex":false},"product_brand":[2149],"product_cat":[2222],"product_tag":[2224],"berocket_brand":[],"woo-feed-brand":[],"class_list":{"0":"post-101070","1":"product","2":"type-product","3":"status-publish","4":"has-post-thumbnail","6":"product_brand-hublot","7":"product_cat-hublot-de","8":"product_tag-klassische-fusion","10":"first","11":"instock","12":"sale","13":"taxable","14":"shipping-taxable","15":"purchasable","16":"product-type-simple"},"bundled_by":[],"bundle_stock_status":"instock","bundle_stock_quantity":1,"bundle_virtual":false,"bundle_layout":"","bundle_add_to_cart_form_location":"","bundle_editable_in_cart":false,"bundle_sold_individually_context":"","bundle_item_grouping":"","bundle_min_size":"","bundle_max_size":"","bundle_price":[],"bundled_items":[],"bundle_sell_ids":[],"group_of_quantity":0,"min_quantity":0,"max_quantity":"","exclude_order_quantity_value_rules":"no","exclude_category_quantity_rules":"no","combine_variations":"no","exclude_global_add_ons":[],"addons":[],"jetpack_sharing_enabled":true,"jetpack_likes_enabled":true,"_links":{"self":[{"href":"https:\/\/watchdeluxe.it\/de\/wp-json\/wp\/v2\/product\/101070","targetHints":{"allow":["GET"]}}],"collection":[{"href":"https:\/\/watchdeluxe.it\/de\/wp-json\/wp\/v2\/product"}],"about":[{"href":"https:\/\/watchdeluxe.it\/de\/wp-json\/wp\/v2\/types\/product"}],"wp:featuredmedia":[{"embeddable":true,"href":"https:\/\/watchdeluxe.it\/de\/wp-json\/wp\/v2\/media\/101064"}],"wp:attachment":[{"href":"https:\/\/watchdeluxe.it\/de\/wp-json\/wp\/v2\/media?parent=101070"}],"wp:term":[{"taxonomy":"product_brand","embeddable":true,"href":"https:\/\/watchdeluxe.it\/de\/wp-json\/wp\/v2\/product_brand?post=101070"},{"taxonomy":"product_cat","embeddable":true,"href":"https:\/\/watchdeluxe.it\/de\/wp-json\/wp\/v2\/product_cat?post=101070"},{"taxonomy":"product_tag","embeddable":true,"href":"https:\/\/watchdeluxe.it\/de\/wp-json\/wp\/v2\/product_tag?post=101070"},{"taxonomy":"berocket_brand","embeddable":true,"href":"https:\/\/watchdeluxe.it\/de\/wp-json\/wp\/v2\/berocket_brand?post=101070"},{"taxonomy":"woo-feed-brand","embeddable":true,"href":"https:\/\/watchdeluxe.it\/de\/wp-json\/wp\/v2\/woo-feed-brand?post=101070"}],"curies":[{"name":"wp","href":"https:\/\/api.w.org\/{rel}","templated":true}]}}