{"id":100894,"date":"2024-04-19T10:36:01","date_gmt":"2024-04-19T08:36:01","guid":{"rendered":"https:\/\/watchdeluxe.it\/prodotto\/longines-conquest-blau-38-mm-ref-l37204926\/"},"modified":"2024-04-19T10:36:01","modified_gmt":"2024-04-19T08:36:01","slug":"longines-conquest-blau-38-mm-ref-l37204926","status":"publish","type":"product","link":"https:\/\/watchdeluxe.it\/de\/prodotto\/longines-conquest-blau-38-mm-ref-l37204926\/","title":{"rendered":"Longines Conquest Blau 38 mm Ref. L37204926"},"content":{"rendered":"<p>Longines Conquest Blau 38 mm Ref. L37204926<\/p>\n<dl class=\"data-sheet\">\n<dt class=\"name\">Fall<\/dt>\n<dd class=\"value\">Stahl<\/dd>\n<dt class=\"name\">Laden Sie<\/dt>\n<dd class=\"value\">Automatisches mechanisches Uhrwerk<\/dd>\n<dt class=\"name\">Armb\u00e4nder<\/dt>\n<dd class=\"value\">Stahl<\/dd>\n<dt class=\"name\">Durchmesser<\/dt>\n<dd class=\"value\">38 MM<\/dd>\n<dt class=\"name\">Wasserdicht<\/dt>\n<dd class=\"value\">10 Bars<\/dd>\n<dt class=\"name\">R\u00fcckseitiges Geh\u00e4use<\/dt>\n<dd class=\"value\">Transparent<\/dd>\n<dt class=\"name\">W\u00e4hlen Sie<\/dt>\n<dd class=\"value\">Blau<\/dd>\n<dt class=\"name\">Kaliber<\/dt>\n<dd class=\"value\">L888<\/dd>\n<dt class=\"name\">Referenz<\/dt>\n<dd class=\"value\">L37204926<\/dd>\n<\/dl>\n","protected":false},"excerpt":{"rendered":"<p>Longines Conquest Blau 38 mm Ref. L37204926 Fall Stahl Laden Sie Automatisches mechanisches Uhrwerk Armb\u00e4nder Stahl Durchmesser 38 MM Wasserdicht 10 Bars R\u00fcckseitiges Geh\u00e4use Transparent W\u00e4hlen Sie Blau Kaliber L888 Referenz L37204926<\/p>\n","protected":false},"featured_media":100889,"template":"","meta":{"_crdt_document":"","advanced_seo_description":"","jetpack_seo_html_title":"","jetpack_seo_noindex":false},"product_brand":[2151],"product_cat":[2192],"product_tag":[2412],"berocket_brand":[],"woo-feed-brand":[],"class_list":{"0":"post-100894","1":"product","2":"type-product","3":"status-publish","4":"has-post-thumbnail","6":"product_brand-longines","7":"product_cat-longines-de","8":"product_tag-eroberung","10":"first","11":"instock","12":"sale","13":"taxable","14":"shipping-taxable","15":"purchasable","16":"product-type-simple"},"bundled_by":[],"bundle_stock_status":"instock","bundle_stock_quantity":1,"bundle_virtual":false,"bundle_layout":"","bundle_add_to_cart_form_location":"","bundle_editable_in_cart":false,"bundle_sold_individually_context":"","bundle_item_grouping":"","bundle_min_size":"","bundle_max_size":"","bundle_price":[],"bundled_items":[],"bundle_sell_ids":[],"group_of_quantity":0,"min_quantity":0,"max_quantity":"","exclude_order_quantity_value_rules":"no","exclude_category_quantity_rules":"no","combine_variations":"no","jetpack_sharing_enabled":true,"jetpack_likes_enabled":true,"_links":{"self":[{"href":"https:\/\/watchdeluxe.it\/de\/wp-json\/wp\/v2\/product\/100894","targetHints":{"allow":["GET"]}}],"collection":[{"href":"https:\/\/watchdeluxe.it\/de\/wp-json\/wp\/v2\/product"}],"about":[{"href":"https:\/\/watchdeluxe.it\/de\/wp-json\/wp\/v2\/types\/product"}],"wp:featuredmedia":[{"embeddable":true,"href":"https:\/\/watchdeluxe.it\/de\/wp-json\/wp\/v2\/media\/100889"}],"wp:attachment":[{"href":"https:\/\/watchdeluxe.it\/de\/wp-json\/wp\/v2\/media?parent=100894"}],"wp:term":[{"taxonomy":"product_brand","embeddable":true,"href":"https:\/\/watchdeluxe.it\/de\/wp-json\/wp\/v2\/product_brand?post=100894"},{"taxonomy":"product_cat","embeddable":true,"href":"https:\/\/watchdeluxe.it\/de\/wp-json\/wp\/v2\/product_cat?post=100894"},{"taxonomy":"product_tag","embeddable":true,"href":"https:\/\/watchdeluxe.it\/de\/wp-json\/wp\/v2\/product_tag?post=100894"},{"taxonomy":"berocket_brand","embeddable":true,"href":"https:\/\/watchdeluxe.it\/de\/wp-json\/wp\/v2\/berocket_brand?post=100894"},{"taxonomy":"woo-feed-brand","embeddable":true,"href":"https:\/\/watchdeluxe.it\/de\/wp-json\/wp\/v2\/woo-feed-brand?post=100894"}],"curies":[{"name":"wp","href":"https:\/\/api.w.org\/{rel}","templated":true}]}}