{"id":100789,"date":"2024-11-27T15:49:31","date_gmt":"2024-11-27T14:49:31","guid":{"rendered":"https:\/\/watchdeluxe.it\/prodotto\/rado-anatom-automatik-ref-r10202209\/"},"modified":"2024-11-27T15:49:47","modified_gmt":"2024-11-27T14:49:47","slug":"rado-anatom-automatik-ref-r10202209","status":"publish","type":"product","link":"https:\/\/watchdeluxe.it\/de\/prodotto\/rado-anatom-automatik-ref-r10202209\/","title":{"rendered":"Rado Anatom Automatik Ref.\nR10202209"},"content":{"rendered":"<p>Rado Anatom Automatik Ref.<br \/>\nR10202209<\/p>\n<div id=\"attributes-wrapper\" class=\"additional-attributes-wrapper table-wrapper\">\n<div data-role=\"collapsible\">\n<h2>Allgemein<\/h2>\n<\/div>\n<div data-role=\"content\">\n<ul>\n<li><strong>Gravur m\u00f6glich:<\/strong> Nein<\/li>\n<li><strong>Produktname:<\/strong> Anatom Automatic<\/li>\n<li><strong>SKU:<\/strong> R10202209<\/li>\n<li><strong>Geschlecht:<\/strong> Unisex<\/li>\n<\/ul>\n<\/div>\n<div data-role=\"collapsible\">\n<h2>Bewegung<\/h2>\n<\/div>\n<div data-role=\"content\">\n<ul>\n<li><strong>Uhrwerktyp:<\/strong> Automatik<\/li>\n<li><strong>Gangreserve des Uhrwerks:<\/strong> 72 Stunden<\/li>\n<li><strong>Referenz des Uhrwerks:<\/strong> 03.766.731<\/li>\n<\/ul>\n<\/div>\n<div data-role=\"collapsible\">\n<h2>Fall<\/h2>\n<\/div>\n<div data-role=\"content\">\n<ul>\n<li><strong>Geh\u00e4usematerialien:<\/strong> High-Tech-Keramik, Edelstahl \/ PVD<\/li>\n<li><strong>Dicke des Geh\u00e4uses:<\/strong> 11,3 mm<\/li>\n<li><strong>Wasserdichtes Geh\u00e4use:<\/strong> 5 bar (50 m)<\/li>\n<li><strong>Geh\u00e4usegr\u00f6\u00dfe:<\/strong> 32,5 mm<\/li>\n<li><strong>Geh\u00e4useglas:<\/strong> Saphirglas mit Antireflexionsbeschichtung<\/li>\n<\/ul>\n<\/div>\n<div data-role=\"collapsible\">\n<h2>W\u00e4hlen Sie<\/h2>\n<\/div>\n<div data-role=\"content\">\n<ul>\n<li><strong>Farbe des Zifferblatts:<\/strong> Schwarz, Blau<\/li>\n<li><strong>Das Zifferblatt zeigt das Datum an:<\/strong> Ja<\/li>\n<li><strong>Das Zifferblatt ist mit Edelsteinen besetzt:<\/strong> Nein<\/li>\n<li><strong>Perlmutt:<\/strong> Nein<\/li>\n<\/ul>\n<\/div>\n<div data-role=\"collapsible\">\n<h2>Riemen<\/h2>\n<\/div>\n<div data-role=\"content\">\n<ul>\n<li><strong>Material des Armbands:<\/strong> Gummi<\/li>\n<\/ul>\n<\/div>\n<\/div>\n","protected":false},"excerpt":{"rendered":"<p>Rado Anatom Automatik Ref. R10202209 Allgemein Gravur m\u00f6glich: Nein Produktname: Anatom Automatic SKU: R10202209 Geschlecht: Unisex Bewegung Uhrwerktyp: Automatik Gangreserve des Uhrwerks: 72 Stunden Referenz des Uhrwerks: 03.766.731 Fall Geh\u00e4usematerialien: High-Tech-Keramik, Edelstahl \/ PVD Dicke des Geh\u00e4uses: 11,3 mm Wasserdichtes Geh\u00e4use: 5 bar (50 m) Geh\u00e4usegr\u00f6\u00dfe: 32,5 mm Geh\u00e4useglas: Saphirglas mit Antireflexionsbeschichtung W\u00e4hlen Sie Farbe [&hellip;]<\/p>\n","protected":false},"featured_media":100782,"template":"","meta":{"_crdt_document":"","advanced_seo_description":"","jetpack_seo_html_title":"","jetpack_seo_noindex":false},"product_brand":[2157],"product_cat":[2405],"product_tag":[4547],"berocket_brand":[],"woo-feed-brand":[],"class_list":{"0":"post-100789","1":"product","2":"type-product","3":"status-publish","4":"has-post-thumbnail","6":"product_brand-rado","7":"product_cat-rado-de","8":"product_tag-anatomie-de","10":"first","11":"instock","12":"sale","13":"taxable","14":"shipping-taxable","15":"purchasable","16":"product-type-simple"},"bundled_by":[],"bundle_stock_status":"instock","bundle_stock_quantity":1,"bundle_virtual":false,"bundle_layout":"","bundle_add_to_cart_form_location":"","bundle_editable_in_cart":false,"bundle_sold_individually_context":"","bundle_item_grouping":"","bundle_min_size":"","bundle_max_size":"","bundle_price":[],"bundled_items":[],"bundle_sell_ids":[],"group_of_quantity":0,"min_quantity":0,"max_quantity":"","exclude_order_quantity_value_rules":"no","exclude_category_quantity_rules":"no","combine_variations":"no","jetpack_sharing_enabled":true,"jetpack_likes_enabled":true,"_links":{"self":[{"href":"https:\/\/watchdeluxe.it\/de\/wp-json\/wp\/v2\/product\/100789","targetHints":{"allow":["GET"]}}],"collection":[{"href":"https:\/\/watchdeluxe.it\/de\/wp-json\/wp\/v2\/product"}],"about":[{"href":"https:\/\/watchdeluxe.it\/de\/wp-json\/wp\/v2\/types\/product"}],"wp:featuredmedia":[{"embeddable":true,"href":"https:\/\/watchdeluxe.it\/de\/wp-json\/wp\/v2\/media\/100782"}],"wp:attachment":[{"href":"https:\/\/watchdeluxe.it\/de\/wp-json\/wp\/v2\/media?parent=100789"}],"wp:term":[{"taxonomy":"product_brand","embeddable":true,"href":"https:\/\/watchdeluxe.it\/de\/wp-json\/wp\/v2\/product_brand?post=100789"},{"taxonomy":"product_cat","embeddable":true,"href":"https:\/\/watchdeluxe.it\/de\/wp-json\/wp\/v2\/product_cat?post=100789"},{"taxonomy":"product_tag","embeddable":true,"href":"https:\/\/watchdeluxe.it\/de\/wp-json\/wp\/v2\/product_tag?post=100789"},{"taxonomy":"berocket_brand","embeddable":true,"href":"https:\/\/watchdeluxe.it\/de\/wp-json\/wp\/v2\/berocket_brand?post=100789"},{"taxonomy":"woo-feed-brand","embeddable":true,"href":"https:\/\/watchdeluxe.it\/de\/wp-json\/wp\/v2\/woo-feed-brand?post=100789"}],"curies":[{"name":"wp","href":"https:\/\/api.w.org\/{rel}","templated":true}]}}