{"id":100763,"date":"2025-04-10T17:13:25","date_gmt":"2025-04-10T15:13:25","guid":{"rendered":"https:\/\/watchdeluxe.it\/prodotto\/chanel-j12-wanted-de-chanel-33-mm-ref-h7419\/"},"modified":"2026-03-31T17:20:33","modified_gmt":"2026-03-31T15:20:33","slug":"chanel-j12-wanted-de-chanel-33-mm-ref-h7419","status":"publish","type":"product","link":"https:\/\/watchdeluxe.it\/de\/prodotto\/chanel-j12-wanted-de-chanel-33-mm-ref-h7419\/","title":{"rendered":"Chanel J12 Wanted De Chanel 33 Mm Ref. H7419"},"content":{"rendered":"<p>Chanel J12 Wanted De Chanel 33 Mm Ref. H7419<\/p>\n<table class=\"data-table\">\n<tbody>\n<tr class=\"odd\">\n<td class=\"spec-name\">Marke<\/td>\n<td class=\"spec-value\">Chanel<\/td>\n<\/tr>\n<tr class=\"even\">\n<td class=\"spec-name\">Kollektion<\/td>\n<td class=\"spec-value\">J12 33 mm<\/td>\n<\/tr>\n<tr class=\"odd\">\n<td class=\"spec-name\">Komplikation<\/td>\n<td class=\"spec-value\">NUR ZEIT<\/td>\n<\/tr>\n<tr class=\"even\">\n<td class=\"spec-name\">Uhrwerk<\/td>\n<td class=\"spec-value\">QUARTZ<\/td>\n<\/tr>\n<tr class=\"odd\">\n<td class=\"spec-name\">Form<\/td>\n<td class=\"spec-value\">RUND<\/td>\n<\/tr>\n<tr class=\"even\">\n<td class=\"spec-name\">Gr\u00f6\u00dfe<\/td>\n<td class=\"spec-value\">33 MM<\/td>\n<\/tr>\n<tr class=\"odd\">\n<td class=\"spec-name\">Geh\u00e4usematerial<\/td>\n<td class=\"spec-value\">Stahl Keramik<\/td>\n<\/tr>\n<tr class=\"even\">\n<td class=\"spec-name\">W\u00e4hlen Sie<\/td>\n<td class=\"spec-value\">WEISS<\/td>\n<\/tr>\n<tr class=\"odd\">\n<td class=\"spec-name\">Armband<\/td>\n<td class=\"spec-value\">WEISSE KERAMIK<\/td>\n<\/tr>\n<tr class=\"even\">\n<td class=\"spec-name\">Wasserdichtigkeit<\/td>\n<td class=\"spec-value\">200 M<\/td>\n<\/tr>\n<tr class=\"odd\">\n<td class=\"spec-name\">Edition<\/td>\n<td class=\"spec-value\">LIMITIERTE EDITION<\/td>\n<\/tr>\n<\/tbody>\n<\/table>\n","protected":false},"excerpt":{"rendered":"<p>Chanel J12 Wanted De Chanel 33 Mm Ref. H7419 Marke Chanel Kollektion J12 33 mm Komplikation NUR ZEIT Uhrwerk QUARTZ Form RUND Gr\u00f6\u00dfe 33 MM Geh\u00e4usematerial Stahl Keramik W\u00e4hlen Sie WEISS Armband WEISSE KERAMIK Wasserdichtigkeit 200 M Edition LIMITIERTE EDITION<\/p>\n","protected":false},"featured_media":65061,"template":"","meta":{"_crdt_document":"","advanced_seo_description":"","jetpack_seo_html_title":"","jetpack_seo_noindex":false},"product_brand":[],"product_cat":[2339],"product_tag":[],"berocket_brand":[],"woo-feed-brand":[],"class_list":{"0":"post-100763","1":"product","2":"type-product","3":"status-publish","4":"has-post-thumbnail","6":"product_cat-chanel-de","8":"first","9":"instock","10":"sale","11":"taxable","12":"shipping-taxable","13":"purchasable","14":"product-type-simple"},"bundled_by":[],"bundle_stock_status":"instock","bundle_stock_quantity":1,"bundle_virtual":false,"bundle_layout":"","bundle_add_to_cart_form_location":"","bundle_editable_in_cart":false,"bundle_sold_individually_context":"","bundle_item_grouping":"","bundle_min_size":"","bundle_max_size":"","bundle_price":[],"bundled_items":[],"bundle_sell_ids":[],"group_of_quantity":0,"min_quantity":0,"max_quantity":"","exclude_order_quantity_value_rules":"no","exclude_category_quantity_rules":"no","combine_variations":"no","exclude_global_add_ons":[],"addons":[],"jetpack_sharing_enabled":true,"jetpack_likes_enabled":true,"_links":{"self":[{"href":"https:\/\/watchdeluxe.it\/de\/wp-json\/wp\/v2\/product\/100763","targetHints":{"allow":["GET"]}}],"collection":[{"href":"https:\/\/watchdeluxe.it\/de\/wp-json\/wp\/v2\/product"}],"about":[{"href":"https:\/\/watchdeluxe.it\/de\/wp-json\/wp\/v2\/types\/product"}],"wp:featuredmedia":[{"embeddable":true,"href":"https:\/\/watchdeluxe.it\/de\/wp-json\/wp\/v2\/media\/65061"}],"wp:attachment":[{"href":"https:\/\/watchdeluxe.it\/de\/wp-json\/wp\/v2\/media?parent=100763"}],"wp:term":[{"taxonomy":"product_brand","embeddable":true,"href":"https:\/\/watchdeluxe.it\/de\/wp-json\/wp\/v2\/product_brand?post=100763"},{"taxonomy":"product_cat","embeddable":true,"href":"https:\/\/watchdeluxe.it\/de\/wp-json\/wp\/v2\/product_cat?post=100763"},{"taxonomy":"product_tag","embeddable":true,"href":"https:\/\/watchdeluxe.it\/de\/wp-json\/wp\/v2\/product_tag?post=100763"},{"taxonomy":"berocket_brand","embeddable":true,"href":"https:\/\/watchdeluxe.it\/de\/wp-json\/wp\/v2\/berocket_brand?post=100763"},{"taxonomy":"woo-feed-brand","embeddable":true,"href":"https:\/\/watchdeluxe.it\/de\/wp-json\/wp\/v2\/woo-feed-brand?post=100763"}],"curies":[{"name":"wp","href":"https:\/\/api.w.org\/{rel}","templated":true}]}}