{"id":100390,"date":"2024-04-09T16:57:50","date_gmt":"2024-04-09T14:57:50","guid":{"rendered":"https:\/\/watchdeluxe.it\/prodotto\/baume-mercier-classima-31-mm-ref-m0a10457\/"},"modified":"2026-04-13T11:55:23","modified_gmt":"2026-04-13T09:55:23","slug":"baume-mercier-classima-31-mm-ref-m0a10457","status":"publish","type":"product","link":"https:\/\/watchdeluxe.it\/de\/prodotto\/baume-mercier-classima-31-mm-ref-m0a10457\/","title":{"rendered":"Baume &amp; Mercier Classima 31 Mm Ref. M0A10457"},"content":{"rendered":"<p>Baume &amp; Mercier Classima 31 Mm Ref. M0A10457<\/p>\n<table class=\"data-table\">\n<tbody>\n<tr class=\"even\">\n<td class=\"spec-name\">Komplikation<\/td>\n<td class=\"spec-value\">NUR ZEIT<\/td>\n<\/tr>\n<tr class=\"odd\">\n<td class=\"spec-name\">Uhrwerk<\/td>\n<td class=\"spec-value\">AUTOMATIK<\/td>\n<\/tr>\n<tr class=\"even\">\n<td class=\"spec-name\">Dater<\/td>\n<td class=\"spec-value\">DATE<\/td>\n<\/tr>\n<tr class=\"odd\">\n<td class=\"spec-name\">Form<\/td>\n<td class=\"spec-value\">RUND<\/td>\n<\/tr>\n<tr class=\"even\">\n<td class=\"spec-name\">Gr\u00f6\u00dfe<\/td>\n<td class=\"spec-value\">31 MM<\/td>\n<\/tr>\n<tr class=\"odd\">\n<td class=\"spec-name\">Material Geh\u00e4use<\/td>\n<td class=\"spec-value\">Stahl und Rotgold<\/td>\n<\/tr>\n<tr class=\"even\">\n<td class=\"spec-name\">W\u00e4hlen Sie<\/td>\n<td class=\"spec-value\">WEISS<\/td>\n<\/tr>\n<tr class=\"odd\">\n<td class=\"spec-name\">Armband<\/td>\n<td class=\"spec-value\">STAHL UND ROS\u00c9GOLD<\/td>\n<\/tr>\n<tr class=\"even\">\n<td class=\"spec-name\">Wasserdichtigkeit<\/td>\n<td class=\"spec-value\">50 M<\/td>\n<\/tr>\n<\/tbody>\n<\/table>\n","protected":false},"excerpt":{"rendered":"<p>Baume &amp; Mercier Classima 31 Mm Ref. M0A10457 Komplikation NUR ZEIT Uhrwerk AUTOMATIK Dater DATE Form RUND Gr\u00f6\u00dfe 31 MM Material Geh\u00e4use Stahl und Rotgold W\u00e4hlen Sie WEISS Armband STAHL UND ROS\u00c9GOLD Wasserdichtigkeit 50 M<\/p>\n","protected":false},"featured_media":100384,"template":"","meta":{"_crdt_document":"","advanced_seo_description":"","jetpack_seo_html_title":"","jetpack_seo_noindex":false},"product_brand":[],"product_cat":[2610],"product_tag":[2617],"berocket_brand":[],"woo-feed-brand":[],"class_list":{"0":"post-100390","1":"product","2":"type-product","3":"status-publish","4":"has-post-thumbnail","6":"product_cat-baume-mercier-de","7":"product_tag-classima-de","9":"first","10":"instock","11":"sale","12":"taxable","13":"shipping-taxable","14":"purchasable","15":"product-type-simple"},"bundled_by":[],"bundle_stock_status":"instock","bundle_stock_quantity":1,"bundle_virtual":false,"bundle_layout":"","bundle_add_to_cart_form_location":"","bundle_editable_in_cart":false,"bundle_sold_individually_context":"","bundle_item_grouping":"","bundle_min_size":"","bundle_max_size":"","bundle_price":[],"bundled_items":[],"bundle_sell_ids":[],"group_of_quantity":0,"min_quantity":0,"max_quantity":"","exclude_order_quantity_value_rules":"no","exclude_category_quantity_rules":"no","combine_variations":"no","jetpack_sharing_enabled":true,"jetpack_likes_enabled":true,"_links":{"self":[{"href":"https:\/\/watchdeluxe.it\/de\/wp-json\/wp\/v2\/product\/100390","targetHints":{"allow":["GET"]}}],"collection":[{"href":"https:\/\/watchdeluxe.it\/de\/wp-json\/wp\/v2\/product"}],"about":[{"href":"https:\/\/watchdeluxe.it\/de\/wp-json\/wp\/v2\/types\/product"}],"wp:featuredmedia":[{"embeddable":true,"href":"https:\/\/watchdeluxe.it\/de\/wp-json\/wp\/v2\/media\/100384"}],"wp:attachment":[{"href":"https:\/\/watchdeluxe.it\/de\/wp-json\/wp\/v2\/media?parent=100390"}],"wp:term":[{"taxonomy":"product_brand","embeddable":true,"href":"https:\/\/watchdeluxe.it\/de\/wp-json\/wp\/v2\/product_brand?post=100390"},{"taxonomy":"product_cat","embeddable":true,"href":"https:\/\/watchdeluxe.it\/de\/wp-json\/wp\/v2\/product_cat?post=100390"},{"taxonomy":"product_tag","embeddable":true,"href":"https:\/\/watchdeluxe.it\/de\/wp-json\/wp\/v2\/product_tag?post=100390"},{"taxonomy":"berocket_brand","embeddable":true,"href":"https:\/\/watchdeluxe.it\/de\/wp-json\/wp\/v2\/berocket_brand?post=100390"},{"taxonomy":"woo-feed-brand","embeddable":true,"href":"https:\/\/watchdeluxe.it\/de\/wp-json\/wp\/v2\/woo-feed-brand?post=100390"}],"curies":[{"name":"wp","href":"https:\/\/api.w.org\/{rel}","templated":true}]}}