{"id":66942,"date":"2023-03-16T22:06:06","date_gmt":"2023-03-16T21:06:06","guid":{"rendered":"https:\/\/watchdeluxe.it\/ueber-uns\/"},"modified":"2023-07-15T11:27:40","modified_gmt":"2023-07-15T09:27:40","slug":"ueber-uns","status":"publish","type":"page","link":"https:\/\/watchdeluxe.it\/de\/ueber-uns\/","title":{"rendered":"\u00dcber uns"},"content":{"rendered":"<nav class=\"is-responsive wp-block-navigation is-layout-flex wp-block-navigation-is-layout-flex\" aria-label=\"Kopfzeilen-Navigation\" \n\t\t data-wp-interactive=\"core\/navigation\" data-wp-context='{\"overlayOpenedBy\":{\"click\":false,\"hover\":false,\"focus\":false},\"type\":\"overlay\",\"roleAttribute\":\"\",\"ariaLabel\":\"Men\\u00fc\"}'><button aria-haspopup=\"dialog\" aria-label=\"Men\u00fc \u00f6ffnen\" class=\"wp-block-navigation__responsive-container-open\" \n\t\t\t\tdata-wp-on--click=\"actions.openMenuOnClick\"\n\t\t\t\tdata-wp-on--keydown=\"actions.handleMenuKeydown\"\n\t\t\t><svg width=\"24\" height=\"24\" xmlns=\"http:\/\/www.w3.org\/2000\/svg\" viewBox=\"0 0 24 24\" aria-hidden=\"true\" focusable=\"false\"><path d=\"M4 7.5h16v1.5H4z\"><\/path><path d=\"M4 15h16v1.5H4z\"><\/path><\/svg><\/button>\n\t\t\t\t<div class=\"wp-block-navigation__responsive-container\"  id=\"modal-1\" \n\t\t\t\tdata-wp-class--has-modal-open=\"state.isMenuOpen\"\n\t\t\t\tdata-wp-class--is-menu-open=\"state.isMenuOpen\"\n\t\t\t\tdata-wp-watch=\"callbacks.initMenu\"\n\t\t\t\tdata-wp-on--keydown=\"actions.handleMenuKeydown\"\n\t\t\t\tdata-wp-on--focusout=\"actions.handleMenuFocusout\"\n\t\t\t\ttabindex=\"-1\"\n\t\t\t>\n\t\t\t\t\t<div class=\"wp-block-navigation__responsive-close\" tabindex=\"-1\">\n\t\t\t\t\t\t<div class=\"wp-block-navigation__responsive-dialog\" \n\t\t\t\tdata-wp-bind--aria-modal=\"state.ariaModal\"\n\t\t\t\tdata-wp-bind--aria-label=\"state.ariaLabel\"\n\t\t\t\tdata-wp-bind--role=\"state.roleAttribute\"\n\t\t\t>\n\t\t\t\t\t\t\t<button aria-label=\"Men\u00fc schlie\u00dfen\" class=\"wp-block-navigation__responsive-container-close\" \n\t\t\t\tdata-wp-on--click=\"actions.closeMenuOnClick\"\n\t\t\t><svg xmlns=\"http:\/\/www.w3.org\/2000\/svg\" viewBox=\"0 0 24 24\" width=\"24\" height=\"24\" aria-hidden=\"true\" focusable=\"false\"><path d=\"m13.06 12 6.47-6.47-1.06-1.06L12 10.94 5.53 4.47 4.47 5.53 10.94 12l-6.47 6.47 1.06 1.06L12 13.06l6.47 6.47 1.06-1.06L13.06 12Z\"><\/path><\/svg><\/button>\n\t\t\t\t\t\t\t<div class=\"wp-block-navigation__responsive-container-content\" \n\t\t\t\tdata-wp-watch=\"callbacks.focusFirstElement\"\n\t\t\t id=\"modal-1-content\">\n\t\t\t\t\t\t\t\t<ul class=\"wp-block-navigation__container is-responsive wp-block-navigation\"><li class=\" wp-block-navigation-item wp-block-navigation-link\"><a class=\"wp-block-navigation-item__content\"  href=\"https:\/\/watchdeluxe.it\/de\/\"><span class=\"wp-block-navigation-item__label\">Homepage<\/span><\/a><\/li><li data-wp-context=\"{ &quot;submenuOpenedBy&quot;: { &quot;click&quot;: false, &quot;hover&quot;: false, &quot;focus&quot;: false }, &quot;type&quot;: &quot;submenu&quot;, &quot;modal&quot;: null, &quot;previousFocus&quot;: null }\" data-wp-interactive=\"core\/navigation\" data-wp-on--focusout=\"actions.handleMenuFocusout\" data-wp-on--keydown=\"actions.handleMenuKeydown\" data-wp-on--pointerenter=\"actions.openMenuOnHover\" data-wp-on--pointerleave=\"actions.closeMenuOnHover\" data-wp-watch=\"callbacks.initMenu\" tabindex=\"-1\" class=\"wp-block-navigation-item has-child open-on-hover-click wp-block-navigation-submenu\"><a class=\"wp-block-navigation-item__content\" href=\"https:\/\/watchdeluxe.it\/de\/shop\/\"><span class=\"wp-block-navigation-item__label\">Shop<\/span><\/a><button data-wp-bind--aria-expanded=\"state.isMenuOpen\" data-wp-on--click=\"actions.toggleMenuOnClick\" aria-label=\"Untermen\u00fc von Shop\" class=\"wp-block-navigation__submenu-icon wp-block-navigation-submenu__toggle\" ><svg xmlns=\"http:\/\/www.w3.org\/2000\/svg\" width=\"12\" height=\"12\" viewBox=\"0 0 12 12\" fill=\"none\" aria-hidden=\"true\" focusable=\"false\"><path d=\"M1.50002 4L6.00002 8L10.5 4\" stroke-width=\"1.5\"><\/path><\/svg><\/button><ul data-wp-on--focus=\"actions.openMenuOnFocus\" class=\"wp-block-navigation__submenu-container wp-block-navigation-submenu\"><li class=\" wp-block-navigation-item wp-block-navigation-link\"><a class=\"wp-block-navigation-item__content\"  href=\"https:\/\/watchdeluxe.it\/de\/produkt-kategorie\/rolex-de\/?v=cd32106bcb6d\"><span class=\"wp-block-navigation-item__label\">Rolex<\/span><\/a><\/li><li class=\" wp-block-navigation-item wp-block-navigation-link\"><a class=\"wp-block-navigation-item__content\"  href=\"https:\/\/watchdeluxe.it\/de\/produkt-kategorie\/baume-mercier-de\/?v=cd32106bcb6d\"><span class=\"wp-block-navigation-item__label\">Baume &amp; Mercier<\/span><\/a><\/li><li class=\" wp-block-navigation-item wp-block-navigation-link\"><a class=\"wp-block-navigation-item__content\"  href=\"https:\/\/watchdeluxe.it\/de\/produkt-kategorie\/bell-ross-de\/?v=cd32106bcb6d\"><span class=\"wp-block-navigation-item__label\">Bell &amp; Ross<\/span><\/a><\/li><li class=\" wp-block-navigation-item wp-block-navigation-link\"><a class=\"wp-block-navigation-item__content\"  href=\"https:\/\/watchdeluxe.it\/de\/produkt-kategorie\/breitling-de\/?v=cd32106bcb6d\"><span class=\"wp-block-navigation-item__label\">Breitling<\/span><\/a><\/li><li class=\" wp-block-navigation-item wp-block-navigation-link\"><a class=\"wp-block-navigation-item__content\"  href=\"https:\/\/watchdeluxe.it\/de\/produkt-kategorie\/chanel-de\/?v=cd32106bcb6d\"><span class=\"wp-block-navigation-item__label\">Chanel<\/span><\/a><\/li><li class=\" wp-block-navigation-item wp-block-navigation-link\"><a class=\"wp-block-navigation-item__content\"  href=\"https:\/\/watchdeluxe.it\/de\/produkt-kategorie\/garmin-de\/?v=cd32106bcb6d\"><span class=\"wp-block-navigation-item__label\">Garmin<\/span><\/a><\/li><li class=\" wp-block-navigation-item wp-block-navigation-link\"><a class=\"wp-block-navigation-item__content\"  href=\"https:\/\/watchdeluxe.it\/de\/produkt-kategorie\/glashutte-original-de\/?v=cd32106bcb6d\"><span class=\"wp-block-navigation-item__label\">Glash\u00fctte Original<\/span><\/a><\/li><li class=\" wp-block-navigation-item wp-block-navigation-link\"><a class=\"wp-block-navigation-item__content\"  href=\"https:\/\/watchdeluxe.it\/de\/produkt-kategorie\/grand-seiko-de\/?v=cd32106bcb6d\"><span class=\"wp-block-navigation-item__label\">Grand Seiko<\/span><\/a><\/li><li class=\" wp-block-navigation-item wp-block-navigation-link\"><a class=\"wp-block-navigation-item__content\"  href=\"https:\/\/watchdeluxe.it\/de\/produkt-kategorie\/hamilton-de\/?v=cd32106bcb6d\"><span class=\"wp-block-navigation-item__label\">Hamilton<\/span><\/a><\/li><li class=\" wp-block-navigation-item wp-block-navigation-link\"><a class=\"wp-block-navigation-item__content\"  href=\"https:\/\/watchdeluxe.it\/de\/produkt-kategorie\/hublot-de\/?v=cd32106bcb6d\"><span class=\"wp-block-navigation-item__label\">Hublot<\/span><\/a><\/li><li class=\" wp-block-navigation-item wp-block-navigation-link\"><a class=\"wp-block-navigation-item__content\"  href=\"https:\/\/watchdeluxe.it\/de\/produkt-kategorie\/iwc-de\/?v=cd32106bcb6d\"><span class=\"wp-block-navigation-item__label\">Iwc<\/span><\/a><\/li><li class=\" wp-block-navigation-item wp-block-navigation-link\"><a class=\"wp-block-navigation-item__content\"  href=\"https:\/\/watchdeluxe.it\/de\/produkt-kategorie\/longines-de\/?v=cd32106bcb6d\"><span class=\"wp-block-navigation-item__label\">Longines<\/span><\/a><\/li><li class=\" wp-block-navigation-item wp-block-navigation-link\"><a class=\"wp-block-navigation-item__content\"  href=\"https:\/\/watchdeluxe.it\/de\/produkt-kategorie\/maurice-lacroix-de\/?v=cd32106bcb6d\"><span class=\"wp-block-navigation-item__label\">Maurice Lacroix<\/span><\/a><\/li><li class=\" wp-block-navigation-item wp-block-navigation-link\"><a class=\"wp-block-navigation-item__content\"  href=\"https:\/\/watchdeluxe.it\/de\/produkt-kategorie\/mido-de\/?v=cd32106bcb6d\"><span class=\"wp-block-navigation-item__label\">Mido<\/span><\/a><\/li><li class=\" wp-block-navigation-item wp-block-navigation-link\"><a class=\"wp-block-navigation-item__content\"  href=\"https:\/\/watchdeluxe.it\/de\/produkt-kategorie\/montblanc-de\/?v=cd32106bcb6d\"><span class=\"wp-block-navigation-item__label\">Montblanc<\/span><\/a><\/li><li class=\" wp-block-navigation-item wp-block-navigation-link\"><a class=\"wp-block-navigation-item__content\"  href=\"https:\/\/watchdeluxe.it\/de\/produkt-kategorie\/nomos-glashutte-de\/?v=cd32106bcb6d\"><span class=\"wp-block-navigation-item__label\">Nomos  <\/span><\/a><\/li><li class=\" wp-block-navigation-item wp-block-navigation-link\"><a class=\"wp-block-navigation-item__content\"  href=\"https:\/\/watchdeluxe.it\/de\/produkt-kategorie\/omega-de\/?v=cd32106bcb6d\"><span class=\"wp-block-navigation-item__label\">Omega<\/span><\/a><\/li><li class=\" wp-block-navigation-item wp-block-navigation-link\"><a class=\"wp-block-navigation-item__content\"  href=\"https:\/\/watchdeluxe.it\/de\/produkt-kategorie\/panerai-de\/?v=cd32106bcb6d\"><span class=\"wp-block-navigation-item__label\">Panerai<\/span><\/a><\/li><li class=\" wp-block-navigation-item wp-block-navigation-link\"><a class=\"wp-block-navigation-item__content\"  href=\"https:\/\/watchdeluxe.it\/de\/produkt-kategorie\/oris-de\/?v=cd32106bcb6d\"><span class=\"wp-block-navigation-item__label\">Oris<\/span><\/a><\/li><li class=\" wp-block-navigation-item wp-block-navigation-link\"><a class=\"wp-block-navigation-item__content\"  href=\"https:\/\/watchdeluxe.it\/de\/produkt-kategorie\/rado-de\/?v=cd32106bcb6d\"><span class=\"wp-block-navigation-item__label\">Rado<\/span><\/a><\/li><li class=\" wp-block-navigation-item wp-block-navigation-link\"><a class=\"wp-block-navigation-item__content\"  href=\"https:\/\/watchdeluxe.it\/de\/produkt-kategorie\/seiko-de\/?v=cd32106bcb6d\"><span class=\"wp-block-navigation-item__label\">Seiko<\/span><\/a><\/li><li class=\" wp-block-navigation-item wp-block-navigation-link\"><a class=\"wp-block-navigation-item__content\"  href=\"\/?product_cat=st-dupont-2&#038;v=cd32106bcb6d\"><span class=\"wp-block-navigation-item__label\">St. Dupont<\/span><\/a><\/li><li class=\" wp-block-navigation-item wp-block-navigation-link\"><a class=\"wp-block-navigation-item__content\"  href=\"https:\/\/watchdeluxe.it\/de\/produkt-kategorie\/tag-heuer-de\/?v=cd32106bcb6d\"><span class=\"wp-block-navigation-item__label\">Tag Heuer<\/span><\/a><\/li><li class=\" wp-block-navigation-item wp-block-navigation-link\"><a class=\"wp-block-navigation-item__content\"  href=\"https:\/\/watchdeluxe.it\/de\/produkt-kategorie\/zenith-de\/?v=cd32106bcb6d\"><span class=\"wp-block-navigation-item__label\">Zenith<\/span><\/a><\/li><\/ul><\/li><li class=\" wp-block-navigation-item wp-block-navigation-link\"><a class=\"wp-block-navigation-item__content\"  href=\"https:\/\/watchdeluxe.it\/de\/bedingungen-und-konditionen\/\"><span class=\"wp-block-navigation-item__label\">Bedingungen und Konditionen<\/span><\/a><\/li><li class=\" wp-block-navigation-item wp-block-navigation-link\"><a class=\"wp-block-navigation-item__content\"  href=\"https:\/\/watchdeluxe.it\/de\/ueber-uns\/\"><span class=\"wp-block-navigation-item__label\">\u00dcber uns<\/span><\/a><\/li><li class=\" wp-block-navigation-item wp-block-navigation-link\"><a class=\"wp-block-navigation-item__content\"  href=\"https:\/\/watchdeluxe.it\/de\/kontakt\/\"><span class=\"wp-block-navigation-item__label\">Kontakt<\/span><\/a><\/li><li class=\" wp-block-navigation-item wp-block-navigation-link\"><a class=\"wp-block-navigation-item__content\"  href=\"https:\/\/watchdeluxe.it\/il-mio-account\/\"><span class=\"wp-block-navigation-item__label\">Mein Konto<\/span><\/a><\/li><\/ul>\n\t\t\t\t\t\t\t\t\n\t\t\t\t\t\t\t<\/div>\n\t\t\t\t\t\t<\/div>\n\t\t\t\t\t<\/div>\n\t\t\t\t<\/div><\/nav>\n<div class=\"wp-block-media-text alignfull is-stacked-on-mobile is-vertically-aligned-center is-image-fill has-white-background-color has-background\" style=\"grid-template-columns:58% auto\"><figure class=\"wp-block-media-text__media\" style=\"background-image:url(https:\/\/watchdeluxe.it\/wp-content\/uploads\/2023\/03\/IMG_1642-768x1024.jpg);background-position:50% 50%\"><img data-recalc-dims=\"1\" loading=\"lazy\" decoding=\"async\" width=\"768\" height=\"1024\" src=\"https:\/\/i0.wp.com\/watchdeluxe.it\/wp-content\/uploads\/2023\/03\/IMG_1642.jpg?resize=768%2C1024&#038;ssl=1\" alt=\"\" class=\"wp-image-5235 size-full\" srcset=\"https:\/\/i0.wp.com\/watchdeluxe.it\/wp-content\/uploads\/2023\/03\/IMG_1642.jpg?resize=768%2C1024&amp;ssl=1 768w, https:\/\/i0.wp.com\/watchdeluxe.it\/wp-content\/uploads\/2023\/03\/IMG_1642.jpg?resize=225%2C300&amp;ssl=1 225w, https:\/\/i0.wp.com\/watchdeluxe.it\/wp-content\/uploads\/2023\/03\/IMG_1642.jpg?resize=1152%2C1536&amp;ssl=1 1152w, https:\/\/i0.wp.com\/watchdeluxe.it\/wp-content\/uploads\/2023\/03\/IMG_1642.jpg?resize=1536%2C2048&amp;ssl=1 1536w, https:\/\/i0.wp.com\/watchdeluxe.it\/wp-content\/uploads\/2023\/03\/IMG_1642.jpg?resize=900%2C1200&amp;ssl=1 900w, https:\/\/i0.wp.com\/watchdeluxe.it\/wp-content\/uploads\/2023\/03\/IMG_1642.jpg?resize=600%2C800&amp;ssl=1 600w, https:\/\/i0.wp.com\/watchdeluxe.it\/wp-content\/uploads\/2023\/03\/IMG_1642.jpg?resize=300%2C400&amp;ssl=1 300w, https:\/\/i0.wp.com\/watchdeluxe.it\/wp-content\/uploads\/2023\/03\/IMG_1642.jpg?resize=150%2C200&amp;ssl=1 150w, https:\/\/i0.wp.com\/watchdeluxe.it\/wp-content\/uploads\/2023\/03\/IMG_1642.jpg?resize=1200%2C1600&amp;ssl=1 1200w, https:\/\/i0.wp.com\/watchdeluxe.it\/wp-content\/uploads\/2023\/03\/IMG_1642.jpg?resize=1400%2C1867&amp;ssl=1 1400w, https:\/\/i0.wp.com\/watchdeluxe.it\/wp-content\/uploads\/2023\/03\/IMG_1642.jpg?resize=45%2C60&amp;ssl=1 45w, https:\/\/i0.wp.com\/watchdeluxe.it\/wp-content\/uploads\/2023\/03\/IMG_1642.jpg?resize=68%2C90&amp;ssl=1 68w, https:\/\/i0.wp.com\/watchdeluxe.it\/wp-content\/uploads\/2023\/03\/IMG_1642.jpg?w=2000&amp;ssl=1 2000w, https:\/\/i0.wp.com\/watchdeluxe.it\/wp-content\/uploads\/2023\/03\/IMG_1642.jpg?w=3000&amp;ssl=1 3000w\" sizes=\"auto, (max-width: 768px) 100vw, 768px\" \/><\/figure><div class=\"wp-block-media-text__content\">\n<div class=\"wp-block-cover is-light\" style=\"min-height:95vh;aspect-ratio:unset;\"><span aria-hidden=\"true\" class=\"wp-block-cover__background has-white-background-color has-background-dim-100 has-background-dim\"><\/span><div class=\"wp-block-cover__inner-container is-layout-flow wp-block-cover-is-layout-flow\">\n<div class=\"wp-block-group has-black-color has-text-color has-link-color wp-elements-db9623ec2f5766231195539e46a8942f has-global-padding is-layout-constrained wp-block-group-is-layout-constrained\">\n<figure class=\"wp-block-image aligncenter size-full is-style-rounded\"><img data-recalc-dims=\"1\" loading=\"lazy\" decoding=\"async\" width=\"650\" height=\"348\" src=\"https:\/\/i0.wp.com\/watchdeluxe.it\/wp-content\/uploads\/2023\/03\/logo-nuovo.png?resize=650%2C348&#038;ssl=1\" alt=\"\" class=\"wp-image-5236\" srcset=\"https:\/\/i0.wp.com\/watchdeluxe.it\/wp-content\/uploads\/2023\/03\/logo-nuovo.png?w=650&amp;ssl=1 650w, https:\/\/i0.wp.com\/watchdeluxe.it\/wp-content\/uploads\/2023\/03\/logo-nuovo.png?resize=300%2C161&amp;ssl=1 300w, https:\/\/i0.wp.com\/watchdeluxe.it\/wp-content\/uploads\/2023\/03\/logo-nuovo.png?resize=112%2C60&amp;ssl=1 112w, https:\/\/i0.wp.com\/watchdeluxe.it\/wp-content\/uploads\/2023\/03\/logo-nuovo.png?resize=168%2C90&amp;ssl=1 168w\" sizes=\"auto, (max-width: 650px) 100vw, 650px\" \/><\/figure>\n\n\n<h1 style=\"font-size:clamp(1.743rem, 1.743rem + ((1vw - 0.2rem) * 1.547), 3rem);text-decoration:none;text-transform:capitalize;letter-spacing:0px;\" class=\"has-text-align-center wp-block-site-title\">Watch Deluxe<\/h1>\n\n\n<p class=\"has-text-align-center wp-block-paragraph\">\u00dcber uns<\/p>\n\n\n\n<p class=\"wp-block-paragraph\">Willkommen bei Watch Deluxe, dem Ort f\u00fcr Liebhaber der feinen Uhrmacherkunst! Wir sind ein Unternehmen, das sich auf den Verkauf der gr\u00f6\u00dften Luxusuhrenmarken spezialisiert hat und eine breite Produktpalette anbietet. Seit 2019 im Dienste der Uhrenliebhaber.<\/p>\n\n\n\n<p class=\"wp-block-paragraph\">Unsere Leidenschaft f\u00fcr die Uhrmacherei hat uns dazu veranlasst, nur die besten Marken auf dem Markt auszuw\u00e4hlen, um unseren Kunden die h\u00f6chste Qualit\u00e4t zu garantieren. Von Rolex bis Omega, von Breitling bis Hamilton und sogar Glash\u00fctte Original bieten wir nur die besten High-End-Produkte an.<\/p>\n\n\n\n<p class=\"wp-block-paragraph\">Dar\u00fcber hinaus sind wir bestrebt, unseren Kunden einen hochwertigen Service zu bieten. Unser Team besteht aus Uhrenliebhabern, die alle Produkte, die wir verkaufen, sehr gut kennen. Wir stehen unseren Kunden stets mit Rat und Tat zur Seite und helfen ihnen, das perfekte Produkt f\u00fcr ihre Bed\u00fcrfnisse auszuw\u00e4hlen.<\/p>\n\n\n\n<p class=\"wp-block-paragraph\">Wenn Sie also auf der Suche nach einer hochwertigen Luxusuhr sind oder eine Wartung f\u00fcr Ihre bestehende Uhr ben\u00f6tigen, ist Watch Deluxe die richtige Wahl f\u00fcr Sie. Wir sind stolz darauf, unseren Kunden nur die besten Produkte und Dienstleistungen anbieten zu k\u00f6nnen, und wir freuen uns darauf, Sie zu bedienen.<\/p>\n<\/div>\n<\/div><\/div>\n<\/div><\/div>\n","protected":false},"excerpt":{"rendered":"","protected":false},"author":232920881,"featured_media":0,"parent":0,"menu_order":0,"comment_status":"closed","ping_status":"closed","template":"blank","meta":{"_crdt_document":"","advanced_seo_description":"","jetpack_seo_html_title":"","jetpack_seo_noindex":false,"footnotes":"","big_sky_generated":false},"class_list":["post-66942","page","type-page","status-publish","hentry"],"jetpack_sharing_enabled":true,"jetpack_likes_enabled":true,"jetpack_shortlink":"https:\/\/wp.me\/PeF9a1-hpI","_links":{"self":[{"href":"https:\/\/watchdeluxe.it\/de\/wp-json\/wp\/v2\/pages\/66942","targetHints":{"allow":["GET"]}}],"collection":[{"href":"https:\/\/watchdeluxe.it\/de\/wp-json\/wp\/v2\/pages"}],"about":[{"href":"https:\/\/watchdeluxe.it\/de\/wp-json\/wp\/v2\/types\/page"}],"author":[{"embeddable":true,"href":"https:\/\/watchdeluxe.it\/de\/wp-json\/wp\/v2\/users\/232920881"}],"replies":[{"embeddable":true,"href":"https:\/\/watchdeluxe.it\/de\/wp-json\/wp\/v2\/comments?post=66942"}],"version-history":[{"count":1,"href":"https:\/\/watchdeluxe.it\/de\/wp-json\/wp\/v2\/pages\/66942\/revisions"}],"predecessor-version":[{"id":66952,"href":"https:\/\/watchdeluxe.it\/de\/wp-json\/wp\/v2\/pages\/66942\/revisions\/66952"}],"wp:attachment":[{"href":"https:\/\/watchdeluxe.it\/de\/wp-json\/wp\/v2\/media?parent=66942"}],"curies":[{"name":"wp","href":"https:\/\/api.w.org\/{rel}","templated":true}]}}